{"id":675,"date":"2013-10-10T21:11:19","date_gmt":"2013-10-10T21:11:19","guid":{"rendered":"http:\/\/www.inkaterra.com\/inkaterra-asociacion-org\/?page_id=675"},"modified":"2018-01-09T16:02:27","modified_gmt":"2018-01-09T16:02:27","slug":"acerca-de-ita","status":"publish","type":"page","link":"https:\/\/www.inkaterra.com\/inkaterra-asociacion-org\/nosotros\/acerca-de-ita\/","title":{"rendered":"Acerca de ITA"},"content":{"rendered":"<p>Financiada a trav\u00e9s del ecoturismo, Inkaterra Asociaci\u00f3n es una organizaci\u00f3n sin fines de lucro comprometida a la investigaci\u00f3n cient\u00edfica como base para la conservaci\u00f3n de la biodiversidad, la educaci\u00f3n y el bienestar de las comunidades locales.<\/p>\n<p>Desde 1978, Inkaterra Asociaci\u00f3n ha producido inventarios de flora y fauna para medir su impacto sobre \u00e1reas de influencia en el bosque amaz\u00f3nico de Madre de Dios, el bosque de nubes de Machu Picchu, el Valle Sagrado de los Incas, la ciudad del Cusco y el mar, desierto y bosque seco tropical de Cabo Blanco. 903 especies de aves \u2013equivalente a la diversidad total de aves de Costa Rica\u2013 han sido registradas en las \u00e1reas de Inkaterra, como tambi\u00e9n 362 especies de hormigas (r\u00e9cord mundial auspiciado por el bi\u00f3logo E.O. Wilson), 313 de mariposas, 100 de mam\u00edferos y 1266 de plantas vasculares. 29 especies nuevas para la ciencia han sido descritas: 20 orqu\u00eddeas, 5 anfibios, 1 mariposa, 2 bromelias y 1 liana tropical.<\/p>\n<p>Las iniciativas de conservaci\u00f3n incluyen el Inkaterra Canopy Walkway, un sistema de puentes colgantes a 30 metros sobre el suelo, construido para observar la vida silvestre en el dosel del bosque amaz\u00f3nico; el Centro de Conservaci\u00f3n del Oso Andino en Inkaterra Machu Picchu Pueblo Hotel, a beneficio de la \u00fanica especie de oso de Sudam\u00e9rica; el World Birding Rally, una competencia internacional para promover al Per\u00fa como uno de los principales destinos para la observaci\u00f3n de aves; y la propuesta t\u00e9cnica que justifica la creaci\u00f3n de la primera reserva marina del Per\u00fa en Cabo Blanco, donde el 700% de la diversidad marina del pa\u00eds puede ser hallada.<\/p>\n<p>Inkaterra Asociaci\u00f3n cuenta con el apoyo estrat\u00e9gico de Geographic Society, Smithsonian Institution, Global Environment Facility (Naciones Unidas), Conservation International, Banco Mundial, International Game Fish Association, Cornell Lab of Ornithology, CAF (Banco de Desarrollo de Am\u00e9rica Latina), Universidad de Harvard, Universidad de Oreg\u00f3n, Universidad Agraria\u2013La Molina, Universidad Nacional Mayor San Marcos, entre otras organizaciones influyentes.<\/p>\n","protected":false},"excerpt":{"rendered":"Financiada a trav\u00e9s del ecoturismo, Inkaterra Asociaci\u00f3n es una organizaci\u00f3n sin fines de lucro comprometida a la investigaci\u00f3n cient\u00edfica como base para la conservaci\u00f3n de la biodiversidad, la educaci\u00f3n y el bienestar de las comunidades locales. Desde 1978, Inkaterra Asociaci\u00f3n ha producido inventarios de flora y fauna para medir su impacto sobre \u00e1reas de influencia&#8230; <a class=\"view-article\" href=\"https:\/\/www.inkaterra.com\/inkaterra-asociacion-org\/nosotros\/acerca-de-ita\/\">Ver art\u00edculo<\/a>","protected":false},"author":4,"featured_media":0,"parent":666,"menu_order":0,"comment_status":"open","ping_status":"open","template":"","meta":{"footnotes":""},"class_list":["post-675","page","type-page","status-publish","hentry"],"acf":[],"aioseo_notices":[],"_links":{"self":[{"href":"https:\/\/www.inkaterra.com\/inkaterra-asociacion-org\/wp-json\/wp\/v2\/pages\/675","targetHints":{"allow":["GET"]}}],"collection":[{"href":"https:\/\/www.inkaterra.com\/inkaterra-asociacion-org\/wp-json\/wp\/v2\/pages"}],"about":[{"href":"https:\/\/www.inkaterra.com\/inkaterra-asociacion-org\/wp-json\/wp\/v2\/types\/page"}],"author":[{"embeddable":true,"href":"https:\/\/www.inkaterra.com\/inkaterra-asociacion-org\/wp-json\/wp\/v2\/users\/4"}],"replies":[{"embeddable":true,"href":"https:\/\/www.inkaterra.com\/inkaterra-asociacion-org\/wp-json\/wp\/v2\/comments?post=675"}],"version-history":[{"count":13,"href":"https:\/\/www.inkaterra.com\/inkaterra-asociacion-org\/wp-json\/wp\/v2\/pages\/675\/revisions"}],"predecessor-version":[{"id":38330,"href":"https:\/\/www.inkaterra.com\/inkaterra-asociacion-org\/wp-json\/wp\/v2\/pages\/675\/revisions\/38330"}],"up":[{"embeddable":true,"href":"https:\/\/www.inkaterra.com\/inkaterra-asociacion-org\/wp-json\/wp\/v2\/pages\/666"}],"wp:attachment":[{"href":"https:\/\/www.inkaterra.com\/inkaterra-asociacion-org\/wp-json\/wp\/v2\/media?parent=675"}],"curies":[{"name":"wp","href":"https:\/\/api.w.org\/{rel}","templated":true}]}}