{"id":44094,"date":"2023-09-07T06:01:29","date_gmt":"2023-09-07T06:01:29","guid":{"rendered":"https:\/\/www.inkaterra.com\/inkaterra-asociacion-org\/?page_id=44094"},"modified":"2023-11-03T14:15:16","modified_gmt":"2023-11-03T14:15:16","slug":"ponentes-magistrales","status":"publish","type":"page","link":"https:\/\/www.inkaterra.com\/inkaterra-asociacion-org\/conferencias\/ponentes-magistrales\/","title":{"rendered":"Ponentes Magistrales"},"content":{"rendered":"<div id=\"two-col-list\" class=\"list-ponentes\">\n    <div class=\"list-row\">\n            <\/div>\n<\/div>\n\n\n<div id=\"two-col-list\" class=\"list-ponentes\">\n    <div class=\"list-row\">\n                        <div class=\"list-item\">\n            <h2 class=\"title\"><a href=\"#\" class=\"closed\">DRA. MAR\u00cdA ISABEL MUJICA <\/a><\/h2>\n            <h3 class=\"subtitle\">Chile<\/h3>\n            <div class=\"description hide\">\n                <img decoding=\"async\" class=\"list-description-img\" src=\"https:\/\/www.inkaterra.com\/inkaterra-asociacion-org\/wp-content\/uploads\/2023\/09\/Maria-Isabel-Mujica-2.jpg\" alt=\"\">\n                <p>Docente e investigadora del Instituto de Ciencias Ambientales y Evolutivas de la Universidad Austral de Chile, y co-fundadora del Centro de Conservaci\u00f3n de Orqu\u00eddeas Chilenas (CECORCH). Autora de numerosos art\u00edculos cient\u00edficos, durante una d\u00e9cada ha enfocado sus investigaciones en el estudio de las micorrizas de orqu\u00eddeas, con el prop\u00f3sito de comprender c\u00f3mo las condiciones ambientales afectan la relaci\u00f3n entre los hongos y las orqu\u00eddeas.<\/p>\n<p>T\u00edtulo de su presentaci\u00f3n:<br \/>\nRelaci\u00f3n entre orqu\u00eddeas y hongos micorr\u00edcicos: Ecolog\u00eda e implicancias para la conservaci\u00f3n.<\/p>\n            <\/div>\n        <\/div>\n                        <div class=\"list-item\">\n            <h2 class=\"title\"><a href=\"#\" class=\"closed\">LOU JOST <\/a><\/h2>\n            <h3 class=\"subtitle\">Ecuador<\/h3>\n            <div class=\"description hide\">\n                <img decoding=\"async\" class=\"list-description-img\" src=\"https:\/\/www.inkaterra.com\/inkaterra-asociacion-org\/wp-content\/uploads\/2023\/09\/lou-jost.jpg\" alt=\"\">\n                <p>Lou Jost es f\u00edsico y matem\u00e1tico y lleva toda la vida interesado en las orqu\u00eddeas. Se traslad\u00f3 a Ecuador en 1994, donde trabaj\u00f3 como gu\u00eda en la selva y como fot\u00f3grafo y pintor de fauna salvaje. En 1996 inici\u00f3 un estudio de varias d\u00e9cadas sobre la distribuci\u00f3n de las orqu\u00eddeas Lepanthes en el centro-este de Ecuador, con el fin de comprender las causas de su endemismo local e identificar las zonas que necesitaban protecci\u00f3n. En el transcurso de este trabajo, descubri\u00f3 m\u00e1s de 60 nuevas especies de orqu\u00eddeas, as\u00ed como otras muchas especies de plantas. Durante este tiempo, tambi\u00e9n trabaj\u00f3 para avanzar en las matem\u00e1ticas de la diversidad en ecolog\u00eda, biolog\u00eda de la conservaci\u00f3n y gen\u00e9tica de poblaciones. En 2005 cofund\u00f3 la Fundaci\u00f3n EcoMinga y ayud\u00f3 a crear un gran sistema de reservas biol\u00f3gicas para proteger las plantas y animales que \u00e9l y sus colegas hab\u00edan descubierto. Actualmente es Presidente de la Fundaci\u00f3n EcoMinga y miembro de la Population Biology Foundation.<\/p>\n<p><strong>T\u00edtulo de su presentaci\u00f3n:<\/strong><br \/>\nRetos de a conservacion de orquideas en los Andes tropicales<\/p>\n            <\/div>\n        <\/div>\n            <\/div><!-- end list-row -->\n    <div class=\"list-row\">\n                        <div class=\"list-item\">\n            <h2 class=\"title\"><a href=\"#\" class=\"closed\">Ph.D. DIEGO BOGAR\u00cdN <\/a><\/h2>\n            <h3 class=\"subtitle\">Costa Rica <\/h3>\n            <div class=\"description hide\">\n                <img decoding=\"async\" class=\"list-description-img\" src=\"https:\/\/www.inkaterra.com\/inkaterra-asociacion-org\/wp-content\/uploads\/2023\/09\/Diego-Bogarin.jpg\" alt=\"\">\n                <p>Diego Bogar\u00edn es Profesor Catedr\u00e1tico de Biolog\u00eda en la Universidad de Costa Rica e investigador en el Jard\u00edn Bot\u00e1nico Lankester. Obtuvo su Ph.D. en bot\u00e1nica de la Universidad de Leiden, Pa\u00edses Bajos, con una disertaci\u00f3n titulada \u201cDiversificaci\u00f3n evolutiva y biogeograf\u00eda hist\u00f3rica de Orchidaceae en Costa Rica y Panam\u00e1\u201d. Actualmente es Investigador Asociado en el herbario UCH de la Universidad Aut\u00f3noma de Chiriqu\u00ed, Panam\u00e1 y el Centro de Biodiversidad Naturalis en los Pa\u00edses Bajos. Sus intereses de investigaci\u00f3n incluyen la biolog\u00eda de las orqu\u00eddeas, flor\u00edstica, gen\u00f3mica, evoluci\u00f3n, conservaci\u00f3n in situ y la documentaci\u00f3n digital de plantas. Junto con Franco Pupulin, trabaja en el desarrollo de t\u00e9cnicas de ilustraci\u00f3n digital aplicada a la taxonom\u00eda y sistem\u00e1tica de plantas. Tambi\u00e9n lidera proyectos flor\u00edsticos en Panam\u00e1 y otras regiones del Neotr\u00f3pico y participa en el proyecto The Orchid Tree of Life con el Dr. Oscar A. P\u00e9rez-Escobar y colaboradores del Royal Botanic Gardens, Kew. Con m\u00e1s de 150 publicaciones cient\u00edficas, Diego es editor en jefe de Lankesteriana &#8211; International Journal on Orchidology.<\/p>\n<p><strong>T\u00edtulo de su presentaci\u00f3n:<\/strong><br \/>\nEscalando el \u00e1rbol de la vida de las orqu\u00eddeas: avances recientes en filogen\u00f3mica y el papel clave de la taxonom\u00eda en la comprensi\u00f3n de la diversidad de las orqu\u00eddeas andinas.<\/p>\n            <\/div>\n        <\/div>\n                        <div class=\"list-item\">\n            <h2 class=\"title\"><a href=\"#\" class=\"closed\">Ph.D. GERARDO SALAZAR <\/a><\/h2>\n            <h3 class=\"subtitle\">M\u00e9xico <\/h3>\n            <div class=\"description hide\">\n                <img decoding=\"async\" class=\"list-description-img\" src=\"https:\/\/www.inkaterra.com\/inkaterra-asociacion-org\/wp-content\/uploads\/2023\/09\/gerardo-salazar.jpg\" alt=\"\">\n                <p>Gerardo A. Salazar es investigador titular del Departamento de Bot\u00e1nica del Instituto de Biolog\u00eda y Jefe del Herbario Nacional, ambos en la Universidad Nacional Aut\u00f3noma de M\u00e9xico (UNAM). Cuenta con m\u00e1s de 300 publicaciones de investigaci\u00f3n, principalmente sobre taxonom\u00eda, filogen\u00e9tica molecular y morfolog\u00eda comparada de orqu\u00eddeas y el inventario de la orquideoflora de M\u00e9xico. Actualmente lidera proyectos sobre filogen\u00f3mica y evoluci\u00f3n del tama\u00f1o gen\u00f3mico nuclear de grandes linajes de orqu\u00eddeas neotropicales, principalmente la subtribu Laeliinae y varios grupos de orqu\u00eddeas terrestres. Imparte las c\u00e1tedras de sistem\u00e1tica de angiospermas y biolog\u00eda de orqu\u00eddeas en el Posgrado en Ciencias Biol\u00f3gicas de la UNAM y ha dirigido m\u00e1s de 20 tesis de licenciatura y posgrado.<\/p>\n<p><strong>T\u00edtulo de su presentaci\u00f3n:<\/strong><br \/>\n\u00bfC\u00f3mo transitar del impedimiento taxon\u00f3mico a la sistem\u00e1tica integrativa de la orquideoflora neotropical?<\/p>\n            <\/div>\n        <\/div>\n                            <\/div>\n<\/div>\n","protected":false},"excerpt":{"rendered":"","protected":false},"author":4,"featured_media":0,"parent":41574,"menu_order":15,"comment_status":"closed","ping_status":"closed","template":"","meta":{"footnotes":""},"class_list":["post-44094","page","type-page","status-publish","hentry"],"acf":[],"aioseo_notices":[],"_links":{"self":[{"href":"https:\/\/www.inkaterra.com\/inkaterra-asociacion-org\/wp-json\/wp\/v2\/pages\/44094","targetHints":{"allow":["GET"]}}],"collection":[{"href":"https:\/\/www.inkaterra.com\/inkaterra-asociacion-org\/wp-json\/wp\/v2\/pages"}],"about":[{"href":"https:\/\/www.inkaterra.com\/inkaterra-asociacion-org\/wp-json\/wp\/v2\/types\/page"}],"author":[{"embeddable":true,"href":"https:\/\/www.inkaterra.com\/inkaterra-asociacion-org\/wp-json\/wp\/v2\/users\/4"}],"replies":[{"embeddable":true,"href":"https:\/\/www.inkaterra.com\/inkaterra-asociacion-org\/wp-json\/wp\/v2\/comments?post=44094"}],"version-history":[{"count":10,"href":"https:\/\/www.inkaterra.com\/inkaterra-asociacion-org\/wp-json\/wp\/v2\/pages\/44094\/revisions"}],"predecessor-version":[{"id":44362,"href":"https:\/\/www.inkaterra.com\/inkaterra-asociacion-org\/wp-json\/wp\/v2\/pages\/44094\/revisions\/44362"}],"up":[{"embeddable":true,"href":"https:\/\/www.inkaterra.com\/inkaterra-asociacion-org\/wp-json\/wp\/v2\/pages\/41574"}],"wp:attachment":[{"href":"https:\/\/www.inkaterra.com\/inkaterra-asociacion-org\/wp-json\/wp\/v2\/media?parent=44094"}],"curies":[{"name":"wp","href":"https:\/\/api.w.org\/{rel}","templated":true}]}}