{"id":43756,"date":"2023-07-19T12:30:38","date_gmt":"2023-07-19T12:30:38","guid":{"rendered":"https:\/\/www.inkaterra.com\/inkaterra-asociacion-org\/?page_id=43756"},"modified":"2023-10-03T20:30:03","modified_gmt":"2023-10-03T20:30:03","slug":"presentacion-de-resumenes","status":"publish","type":"page","link":"https:\/\/www.inkaterra.com\/inkaterra-asociacion-org\/conferencias\/presentacion-de-resumenes\/","title":{"rendered":"Presentaci\u00f3n de Res\u00famenes"},"content":{"rendered":"\n<div class=\"wp-block-columns is-layout-flex wp-container-core-columns-is-layout-1 wp-block-columns-is-layout-flex\">\n<div class=\"wp-block-column is-layout-flow wp-block-column-is-layout-flow\">\n<p>Los res\u00famenes para ponencias orales y posters ser\u00e1n revisados por el comit\u00e9 cient\u00edfico conformado por :<\/p>\n\n\n\n<ul class=\"wp-block-list\"><li>Nicola Flanagan, Pontificia Universidad Javeriana, Colombia<\/li><li>Tom Mirenda, American Orchid Society, USA<\/li><li>Maria Luisa Ochoa, Universidad Nacional de San Antonio Abad del Cusco, Per\u00fa<\/li><li>Daxs Coayla, Inkaterra Asociaci\u00f3n \u2013 ITA, Per\u00fa<\/li><li>Gunter Gerlach, Botanischer Garten M\u00fcnchen-Nymphenburg, M\u00fcnchen, Alemania<\/li><li>Eric Hagsater, Herbario AMO, M\u00e9xico<\/li><li>Franco Pupulin, Jard\u00edn Bot\u00e1nico Lankester, Costa Rica<\/li><\/ul>\n<\/div>\n\n\n\n<div class=\"wp-block-column is-layout-flow wp-block-column-is-layout-flow\"><div class=\"wp-block-image\">\n<figure class=\"aligncenter size-full\"><a href=\"https:\/\/www.inkaterra.com\/inkaterra-asociacion-org\/wp-content\/uploads\/2023\/07\/Epidendrum-aff-secundum-Autor-Marcial-Villafuerte-1.jpg\"><img loading=\"lazy\" decoding=\"async\" width=\"920\" height=\"613\" src=\"https:\/\/www.inkaterra.com\/inkaterra-asociacion-org\/wp-content\/uploads\/2023\/07\/Epidendrum-aff-secundum-Autor-Marcial-Villafuerte-1.jpg\" alt=\"\" class=\"wp-image-43760\" srcset=\"https:\/\/www.inkaterra.com\/inkaterra-asociacion-org\/wp-content\/uploads\/2023\/07\/Epidendrum-aff-secundum-Autor-Marcial-Villafuerte-1.jpg 920w, https:\/\/www.inkaterra.com\/inkaterra-asociacion-org\/wp-content\/uploads\/2023\/07\/Epidendrum-aff-secundum-Autor-Marcial-Villafuerte-1-300x200.jpg 300w, https:\/\/www.inkaterra.com\/inkaterra-asociacion-org\/wp-content\/uploads\/2023\/07\/Epidendrum-aff-secundum-Autor-Marcial-Villafuerte-1-768x512.jpg 768w\" sizes=\"auto, (max-width: 920px) 100vw, 920px\" \/><\/a><\/figure><\/div><\/div>\n<\/div>\n\n\n\n<p><strong>CONVOCATORIA CERRADA<\/strong><\/p>\n\n\n<div class=\"listitems\" id=\"listitems-block_6c232d52a2aa26a28ae4b876ae144813\">\n            <div class=\"list-item\">\n\n                <div class=\"item-wrapper\">\n\n                    <div class=\"thumbnail\">\n\n                        <a target=\"_blank\" href=\"https:\/\/www.inkaterra.com\/inkaterra-asociacion-org\/wp-content\/uploads\/2023\/08\/bases-de-presentacion-de-resumenes-vii-conferencia-orquideas-andinas_esp.pdf\">\n                            <img decoding=\"async\" src=\"https:\/\/www.inkaterra.com\/inkaterra-asociacion-org\/wp-content\/uploads\/2023\/08\/BASES-DE-PRESENTACION-DE-RESUMENES_ESPANOL_170x260px.jpg\" alt=\"\">\n                        <\/a>\n\n                    <\/div>\n\n                    <div class=\"btn-download\">\n\n                        <a target=\"_blank\" href=\"https:\/\/www.inkaterra.com\/inkaterra-asociacion-org\/wp-content\/uploads\/2023\/08\/bases-de-presentacion-de-resumenes-vii-conferencia-orquideas-andinas_esp.pdf\">\n                            Descargar                            <span><\/span>\n                        <\/a>\n                    <\/div>\n                <\/div>\n            <\/div>\n                    <div class=\"list-item\">\n\n                <div class=\"item-wrapper\">\n\n                    <div class=\"thumbnail\">\n\n                        <a target=\"_blank\" href=\"https:\/\/www.inkaterra.com\/inkaterra-asociacion-org\/wp-content\/uploads\/2023\/08\/modelo-de-presentacion-de-resumenes-vii-aoc-2023_esp.pdf\">\n                            <img decoding=\"async\" src=\"https:\/\/www.inkaterra.com\/inkaterra-asociacion-org\/wp-content\/uploads\/2023\/08\/MODELO-DE-PRESENTACION-DE-RESUMENES_ESPANOL_170x260px.jpg\" alt=\"\">\n                        <\/a>\n\n                    <\/div>\n\n                    <div class=\"btn-download\">\n\n                        <a target=\"_blank\" href=\"https:\/\/www.inkaterra.com\/inkaterra-asociacion-org\/wp-content\/uploads\/2023\/08\/modelo-de-presentacion-de-resumenes-vii-aoc-2023_esp.pdf\">\n                            Descargar                            <span><\/span>\n                        <\/a>\n                    <\/div>\n                <\/div>\n            <\/div>\n        <\/div>\n\n\n<p>Para mayor informaci\u00f3n escribir al e- mail <a href=\"mailto:resumenes.aoc@inkaterra-asociacion.org\">resumenes.aoc@inkaterra-asociacion.org<\/a><\/p>\n","protected":false},"excerpt":{"rendered":"Los res\u00famenes para ponencias orales y posters ser\u00e1n revisados por el comit\u00e9 cient\u00edfico conformado por : Nicola Flanagan, Pontificia Universidad Javeriana, Colombia Tom Mirenda, American Orchid Society, USA Maria Luisa Ochoa, Universidad Nacional de San Antonio Abad del Cusco, Per\u00fa Daxs Coayla, Inkaterra Asociaci\u00f3n \u2013 ITA, Per\u00fa Gunter Gerlach, Botanischer Garten M\u00fcnchen-Nymphenburg, M\u00fcnchen, Alemania Eric&#8230; <a class=\"view-article\" href=\"https:\/\/www.inkaterra.com\/inkaterra-asociacion-org\/conferencias\/presentacion-de-resumenes\/\">Ver art\u00edculo<\/a>","protected":false},"author":4,"featured_media":0,"parent":41574,"menu_order":22,"comment_status":"closed","ping_status":"closed","template":"","meta":{"footnotes":""},"class_list":["post-43756","page","type-page","status-publish","hentry"],"acf":[],"aioseo_notices":[],"_links":{"self":[{"href":"https:\/\/www.inkaterra.com\/inkaterra-asociacion-org\/wp-json\/wp\/v2\/pages\/43756","targetHints":{"allow":["GET"]}}],"collection":[{"href":"https:\/\/www.inkaterra.com\/inkaterra-asociacion-org\/wp-json\/wp\/v2\/pages"}],"about":[{"href":"https:\/\/www.inkaterra.com\/inkaterra-asociacion-org\/wp-json\/wp\/v2\/types\/page"}],"author":[{"embeddable":true,"href":"https:\/\/www.inkaterra.com\/inkaterra-asociacion-org\/wp-json\/wp\/v2\/users\/4"}],"replies":[{"embeddable":true,"href":"https:\/\/www.inkaterra.com\/inkaterra-asociacion-org\/wp-json\/wp\/v2\/comments?post=43756"}],"version-history":[{"count":15,"href":"https:\/\/www.inkaterra.com\/inkaterra-asociacion-org\/wp-json\/wp\/v2\/pages\/43756\/revisions"}],"predecessor-version":[{"id":44256,"href":"https:\/\/www.inkaterra.com\/inkaterra-asociacion-org\/wp-json\/wp\/v2\/pages\/43756\/revisions\/44256"}],"up":[{"embeddable":true,"href":"https:\/\/www.inkaterra.com\/inkaterra-asociacion-org\/wp-json\/wp\/v2\/pages\/41574"}],"wp:attachment":[{"href":"https:\/\/www.inkaterra.com\/inkaterra-asociacion-org\/wp-json\/wp\/v2\/media?parent=43756"}],"curies":[{"name":"wp","href":"https:\/\/api.w.org\/{rel}","templated":true}]}}