{"id":43739,"date":"2023-07-19T12:30:27","date_gmt":"2023-07-19T12:30:27","guid":{"rendered":"https:\/\/www.inkaterra.com\/inkaterra-asociacion-org\/?page_id=43739"},"modified":"2023-12-20T18:33:26","modified_gmt":"2023-12-20T18:33:26","slug":"registro-a-la-vii-conferencia","status":"publish","type":"page","link":"https:\/\/www.inkaterra.com\/inkaterra-asociacion-org\/conferencias\/registro-a-la-vii-conferencia\/","title":{"rendered":"Registro a la VII conferencia"},"content":{"rendered":"\n<div class=\"wp-block-columns is-layout-flex wp-container-core-columns-is-layout-1 wp-block-columns-is-layout-flex\">\n<div class=\"wp-block-column is-layout-flow wp-block-column-is-layout-flow\" style=\"flex-basis:33.33%\">\n<p><\/p>\n\n\n\n<p>Las formas de participaci\u00f3n son:<\/p>\n\n\n\n<ul class=\"wp-block-list\"><li>Ponente oral<\/li><li>Expositor de posters<\/li><li>Asistente<\/li><\/ul>\n<\/div>\n\n\n\n<div class=\"wp-block-column is-layout-flow wp-block-column-is-layout-flow\" style=\"flex-basis:66.66%\"><div class=\"wp-block-image\">\n<figure class=\"aligncenter size-full is-resized\"><a href=\"https:\/\/www.inkaterra.com\/inkaterra-asociacion-org\/wp-content\/uploads\/2023\/07\/Telipogon-antisuyuensis-1.jpg\"><img loading=\"lazy\" decoding=\"async\" src=\"https:\/\/www.inkaterra.com\/inkaterra-asociacion-org\/wp-content\/uploads\/2023\/07\/Telipogon-antisuyuensis-1.jpg\" alt=\"\" class=\"wp-image-43745\" width=\"302\" height=\"201\" srcset=\"https:\/\/www.inkaterra.com\/inkaterra-asociacion-org\/wp-content\/uploads\/2023\/07\/Telipogon-antisuyuensis-1.jpg 920w, https:\/\/www.inkaterra.com\/inkaterra-asociacion-org\/wp-content\/uploads\/2023\/07\/Telipogon-antisuyuensis-1-300x200.jpg 300w, https:\/\/www.inkaterra.com\/inkaterra-asociacion-org\/wp-content\/uploads\/2023\/07\/Telipogon-antisuyuensis-1-768x512.jpg 768w\" sizes=\"auto, (max-width: 302px) 100vw, 302px\" \/><\/a><\/figure><\/div><\/div>\n<\/div>\n\n\n\n<h2 class=\"wp-block-heading\">INSCRIPCIONES CERRADAS<\/h2>\n\n\n\n<p>Los pasos para seguir son:<\/p>\n\n\n\n<ol type=\"1\" style=\"text-align:justify\"><li>Realizar el pago del monto correspondiente a trav\u00e9s de la cuenta bancaria de INKA TERRA ASOCIACION, de acuerdo con la categor\u00eda en la cual se presenta (estudiante de pregrado, postgrado, profesional o p\u00fablico en general).<br><br>Es importante guardar el comprobante de pago para completar la inscripci\u00f3n.<br><br>En el documento adjunto encontrar\u00e1 informaci\u00f3n adicional sobre las cuentas mencionadas y los pasos a considerar al momento de hacer el pago.<br><br><a href=\"https:\/\/www.inkaterra.com\/inkaterra-asociacion-org\/conferencias_files\/forma-pago-esp.pdf\" target=\"_blank\" rel=\"noopener\" title=\"\">Forma de Pago<\/a><br><br><\/li><li style=\"text-align:justify\">Efectuado el pago debe llenar el formato de inscripci\u00f3n a la VII CONFERENCIA CIENT\u00cdFICA DE ORQU\u00cdDEAS ANDINAS, <a href=\"https:\/\/forms.gle\/tamMqPM9JFwhLt237\">https:\/\/forms.gle\/tamMqPM9JFwhLt237<\/a>&nbsp; , completando su informaci\u00f3n personal y luego adjuntar el comprobante de pago (generado en el paso anterior). En caso de requerir factura debe completar informaci\u00f3n adicional.<\/li><\/ol>\n\n\n\n<h2 class=\"wp-block-heading\">Precio de Inscripci\u00f3n<\/h2>\n\n\n\n<ul class=\"wp-block-list\"><li>Tarifa temprana &#8211; Hasta el 15 de noviembre<ul><li>Estudiantes de pregrado &nbsp;&nbsp;&nbsp;&nbsp;&nbsp;&nbsp;&nbsp;&nbsp;&nbsp;&nbsp;&nbsp;&nbsp;&nbsp;&nbsp;&nbsp;&nbsp;&nbsp;&nbsp;&nbsp;&nbsp;&nbsp;  USD 140<\/li><li>Estudiantes postgrado&nbsp; &nbsp; &nbsp; &nbsp; &nbsp; &nbsp; &nbsp; &nbsp; &nbsp; &nbsp; &nbsp; &nbsp; &nbsp;  USD  170&nbsp;<\/li><li>Profesionales y p\u00fablico en general&nbsp; &nbsp; &nbsp;&nbsp;&nbsp;&nbsp;USD  220<\/li><\/ul><\/li><\/ul>\n\n\n\n<ul class=\"wp-block-list\"><li>Tarifa plena &#8211; Desde el 16 de noviembre<ul><li>Estudiantes de pregrado&nbsp;&nbsp;&nbsp;&nbsp;&nbsp;&nbsp;&nbsp;&nbsp;&nbsp;&nbsp;&nbsp;&nbsp;&nbsp;&nbsp;&nbsp;&nbsp;&nbsp;&nbsp;&nbsp;&nbsp;&nbsp;&nbsp; USD  170<\/li><li>Estudiantes postgrado&nbsp;&nbsp;&nbsp;&nbsp;&nbsp;&nbsp;&nbsp;&nbsp;&nbsp;&nbsp;&nbsp;&nbsp;&nbsp;&nbsp;&nbsp;&nbsp;&nbsp;&nbsp;&nbsp;&nbsp;&nbsp;&nbsp;&nbsp;&nbsp;&nbsp;&nbsp; USD  200<\/li><li>Profesionales y p\u00fablico en general&nbsp; &nbsp; &nbsp;&nbsp;&nbsp;&nbsp;USD  250<\/li><\/ul><\/li><\/ul>\n\n\n\n<p>Para tener derecho a los precios de estudiante de pregrado y posgrado deber\u00e1 adjuntar una copia en pdf del carn\u00e9\/tarjeta de estudiante a su solicitud de inscripci\u00f3n.<\/p>\n\n\n\n<p><strong>Inscripci\u00f3n a la conferencia incluye:<\/strong><\/p>\n\n\n\n<ul class=\"wp-block-list\"><li>Acceso a todas las conferencias<\/li><li>Ceremonia de Inauguraci\u00f3n<\/li><li>Acceso a las sesiones de posters<\/li><li>Traducci\u00f3n simult\u00e1nea ingl\u00e9s \u2013 espa\u00f1ol<\/li><li>Refrigerios (ma\u00f1ana y tarde)<\/li><li>Un kit de la conferencia, incluyendo el programa<\/li><li>Certificado de participaci\u00f3n en la VII Conferencia de Orqu\u00eddeas Andinas.<\/li><\/ul>\n","protected":false},"excerpt":{"rendered":"Las formas de participaci\u00f3n son: Ponente oral Expositor de posters Asistente INSCRIPCIONES CERRADAS Los pasos para seguir son: Realizar el pago del monto correspondiente a trav\u00e9s de la cuenta bancaria de INKA TERRA ASOCIACION, de acuerdo con la categor\u00eda en la cual se presenta (estudiante de pregrado, postgrado, profesional o p\u00fablico en general). Es importante&#8230; <a class=\"view-article\" href=\"https:\/\/www.inkaterra.com\/inkaterra-asociacion-org\/conferencias\/registro-a-la-vii-conferencia\/\">Ver art\u00edculo<\/a>","protected":false},"author":4,"featured_media":0,"parent":41574,"menu_order":19,"comment_status":"closed","ping_status":"closed","template":"","meta":{"footnotes":""},"class_list":["post-43739","page","type-page","status-publish","hentry"],"acf":[],"aioseo_notices":[],"_links":{"self":[{"href":"https:\/\/www.inkaterra.com\/inkaterra-asociacion-org\/wp-json\/wp\/v2\/pages\/43739","targetHints":{"allow":["GET"]}}],"collection":[{"href":"https:\/\/www.inkaterra.com\/inkaterra-asociacion-org\/wp-json\/wp\/v2\/pages"}],"about":[{"href":"https:\/\/www.inkaterra.com\/inkaterra-asociacion-org\/wp-json\/wp\/v2\/types\/page"}],"author":[{"embeddable":true,"href":"https:\/\/www.inkaterra.com\/inkaterra-asociacion-org\/wp-json\/wp\/v2\/users\/4"}],"replies":[{"embeddable":true,"href":"https:\/\/www.inkaterra.com\/inkaterra-asociacion-org\/wp-json\/wp\/v2\/comments?post=43739"}],"version-history":[{"count":25,"href":"https:\/\/www.inkaterra.com\/inkaterra-asociacion-org\/wp-json\/wp\/v2\/pages\/43739\/revisions"}],"predecessor-version":[{"id":44499,"href":"https:\/\/www.inkaterra.com\/inkaterra-asociacion-org\/wp-json\/wp\/v2\/pages\/43739\/revisions\/44499"}],"up":[{"embeddable":true,"href":"https:\/\/www.inkaterra.com\/inkaterra-asociacion-org\/wp-json\/wp\/v2\/pages\/41574"}],"wp:attachment":[{"href":"https:\/\/www.inkaterra.com\/inkaterra-asociacion-org\/wp-json\/wp\/v2\/media?parent=43739"}],"curies":[{"name":"wp","href":"https:\/\/api.w.org\/{rel}","templated":true}]}}