{"id":43736,"date":"2023-07-19T11:03:14","date_gmt":"2023-07-19T11:03:14","guid":{"rendered":"https:\/\/www.inkaterra.com\/inkaterra-asociacion-org\/?page_id=43736"},"modified":"2023-11-15T07:46:52","modified_gmt":"2023-11-15T07:46:52","slug":"sobre-peru","status":"publish","type":"page","link":"https:\/\/www.inkaterra.com\/inkaterra-asociacion-org\/conferencias\/sobre-peru\/","title":{"rendered":"Sobre Per\u00fa"},"content":{"rendered":"\n<h2 class=\"wp-block-heading\"><strong>Per\u00fa<\/strong><\/h2>\n\n\n\n<p><strong>Sede de la VII AOC<\/strong><\/p>\n\n\n\n<p>El Per\u00fa es uno de los cuatro pa\u00edses m\u00e1s ricos del planeta en diversidad biol\u00f3gica. En el caso de las orqu\u00eddeas, cuenta con 212 g\u00e9neros y cerca de 2,206 especies (MINAM, 2015), aunque se estima que el n\u00famero real podr\u00eda oscilar entre 2,600-3,000 especies debido a la amplia gama de microclimas.<\/p>\n\n\n\n<p>Las orqu\u00eddeas peruanas son uno de los grupos de plantas m\u00e1s estudiadas, debido al inter\u00e9s en las investigaciones y exploraciones cient\u00edficas realizadas en los \u00faltimos veinte a\u00f1os, las cuales confirman la riqueza y esplendor de las especies en los valles del Per\u00fa, en los altos Andes y en la cuenca del Amazonas. Es por ello que, en la VI Conferencia Cient\u00edfica de Orqu\u00eddeas Andinas en Medell\u00edn (Colombia), se confirm\u00f3 que la VII edici\u00f3n se desarrolle en Per\u00fa, en m\u00e9rito al \u00e9xito alcanzado (Per\u00fa, primera vez que realiza esta Conferencia).<\/p>\n\n\n<div class=\"wp-block-image\">\n<figure class=\"aligncenter size-full\"><a href=\"https:\/\/www.peru.travel\/es\"><img loading=\"lazy\" decoding=\"async\" width=\"249\" height=\"112\" src=\"https:\/\/www.inkaterra.com\/inkaterra-asociacion-org\/wp-content\/uploads\/2023\/11\/Botones_249x112_DESCUBRE-PERU\u0301.jpg\" alt=\"\" class=\"wp-image-44398\"\/><\/a><\/figure><\/div>\n\n\n<h2 class=\"wp-block-heading\"><strong>Cusco<\/strong><\/h2>\n\n\n\n<p>Al sur de los imponentes Andes del Per\u00fa, en la regi\u00f3n Cusco, se encuentra el escenario de la efervescencia de la vida \u2013 los bosques nublados o \u201ccejas de selva\u201d \u2013 entre los 1.000 y 3.500 m.s.n.m., donde se ha registrado la mayor diversidad de orqu\u00eddeas. Ejemplo de ello es Inkaterra Machu Picchu Pueblo Hotel, que alberga la colecci\u00f3n de orqu\u00eddeas nativas m\u00e1s grande del mundo seg\u00fan la American Orchid Society, con una variedad de 372 especies.<\/p>\n\n\n<div class=\"wp-block-image\">\n<figure class=\"aligncenter size-full\"><img loading=\"lazy\" decoding=\"async\" width=\"920\" height=\"612\" src=\"https:\/\/www.inkaterra.com\/inkaterra-asociacion-org\/wp-content\/uploads\/2023\/08\/about-peru.jpg\" alt=\"\" class=\"wp-image-44011\" srcset=\"https:\/\/www.inkaterra.com\/inkaterra-asociacion-org\/wp-content\/uploads\/2023\/08\/about-peru.jpg 920w, https:\/\/www.inkaterra.com\/inkaterra-asociacion-org\/wp-content\/uploads\/2023\/08\/about-peru-300x200.jpg 300w, https:\/\/www.inkaterra.com\/inkaterra-asociacion-org\/wp-content\/uploads\/2023\/08\/about-peru-768x511.jpg 768w\" sizes=\"auto, (max-width: 920px) 100vw, 920px\" \/><\/figure><\/div>","protected":false},"excerpt":{"rendered":"Per\u00fa Sede de la VII AOC El Per\u00fa es uno de los cuatro pa\u00edses m\u00e1s ricos del planeta en diversidad biol\u00f3gica. En el caso de las orqu\u00eddeas, cuenta con 212 g\u00e9neros y cerca de 2,206 especies (MINAM, 2015), aunque se estima que el n\u00famero real podr\u00eda oscilar entre 2,600-3,000 especies debido a la amplia gama&#8230; <a class=\"view-article\" href=\"https:\/\/www.inkaterra.com\/inkaterra-asociacion-org\/conferencias\/sobre-peru\/\">Ver art\u00edculo<\/a>","protected":false},"author":4,"featured_media":0,"parent":41574,"menu_order":17,"comment_status":"closed","ping_status":"closed","template":"","meta":{"footnotes":""},"class_list":["post-43736","page","type-page","status-publish","hentry"],"acf":[],"aioseo_notices":[],"_links":{"self":[{"href":"https:\/\/www.inkaterra.com\/inkaterra-asociacion-org\/wp-json\/wp\/v2\/pages\/43736","targetHints":{"allow":["GET"]}}],"collection":[{"href":"https:\/\/www.inkaterra.com\/inkaterra-asociacion-org\/wp-json\/wp\/v2\/pages"}],"about":[{"href":"https:\/\/www.inkaterra.com\/inkaterra-asociacion-org\/wp-json\/wp\/v2\/types\/page"}],"author":[{"embeddable":true,"href":"https:\/\/www.inkaterra.com\/inkaterra-asociacion-org\/wp-json\/wp\/v2\/users\/4"}],"replies":[{"embeddable":true,"href":"https:\/\/www.inkaterra.com\/inkaterra-asociacion-org\/wp-json\/wp\/v2\/comments?post=43736"}],"version-history":[{"count":9,"href":"https:\/\/www.inkaterra.com\/inkaterra-asociacion-org\/wp-json\/wp\/v2\/pages\/43736\/revisions"}],"predecessor-version":[{"id":44401,"href":"https:\/\/www.inkaterra.com\/inkaterra-asociacion-org\/wp-json\/wp\/v2\/pages\/43736\/revisions\/44401"}],"up":[{"embeddable":true,"href":"https:\/\/www.inkaterra.com\/inkaterra-asociacion-org\/wp-json\/wp\/v2\/pages\/41574"}],"wp:attachment":[{"href":"https:\/\/www.inkaterra.com\/inkaterra-asociacion-org\/wp-json\/wp\/v2\/media?parent=43736"}],"curies":[{"name":"wp","href":"https:\/\/api.w.org\/{rel}","templated":true}]}}