{"id":43729,"date":"2023-07-19T11:01:24","date_gmt":"2023-07-19T11:01:24","guid":{"rendered":"https:\/\/www.inkaterra.com\/inkaterra-asociacion-org\/?page_id=43729"},"modified":"2023-08-02T05:01:52","modified_gmt":"2023-08-02T05:01:52","slug":"evento-asociado","status":"publish","type":"page","link":"https:\/\/www.inkaterra.com\/inkaterra-asociacion-org\/conferencias\/evento-asociado\/","title":{"rendered":"Evento Asociado"},"content":{"rendered":"\n<p><strong>Lima<\/strong><\/p>\n\n\n\n<p>Exposici\u00f3n Internacional de Orqu\u00eddeas, evento organizado por la Sociedad Peruana de Orqu\u00eddeas (24 al 26 de noviembre)<\/p>\n\n\n\n<p>Lugar : Museo de Arte Contempor\u00e1neo de Lima \u2013 Av. Almte. Miguel Grau 1511, Barranco<\/p>\n\n\n\n<p><\/p>\n\n\n<div class=\"wp-block-image\">\n<figure class=\"aligncenter size-full is-resized\"><a href=\"https:\/\/www.inkaterra.com\/inkaterra-asociacion-org\/wp-content\/uploads\/2023\/07\/evento-orquidea.jpg\"><img loading=\"lazy\" decoding=\"async\" src=\"https:\/\/www.inkaterra.com\/inkaterra-asociacion-org\/wp-content\/uploads\/2023\/07\/evento-orquidea.jpg\" alt=\"\" class=\"wp-image-43731\" width=\"350\" height=\"495\" srcset=\"https:\/\/www.inkaterra.com\/inkaterra-asociacion-org\/wp-content\/uploads\/2023\/07\/evento-orquidea.jpg 700w, https:\/\/www.inkaterra.com\/inkaterra-asociacion-org\/wp-content\/uploads\/2023\/07\/evento-orquidea-212x300.jpg 212w\" sizes=\"auto, (max-width: 350px) 100vw, 350px\" \/><\/a><\/figure><\/div>\n\n\n<p>Se trata de una gran exposici\u00f3n especializada en flores orquid\u00e1ceas, regida por los lineamientos del NGC y la AOS. Consta de 5 partes importantes:<\/p>\n\n\n\n<ul class=\"wp-block-list\"><li>Dise\u00f1o (todos los dise\u00f1os tienen orqu\u00eddeas). Los dise\u00f1os son juzgados por los lineamientos del Nation Gardens Club (NGC).<\/li><li>Secci\u00f3n educacional. Participan instituciones gubernamentales y no gubernamentales que tienen como metas la conservaci\u00f3n de la biodiversidad en el Per\u00fa.<\/li><li>Jardines temporales. En preciosos displays se ambientan unas mil orqu\u00eddeas; especies e h\u00edbridos, siendo el mayor atractivo de la exposici\u00f3n, y permitiendo al p\u00fablico ver especies que dif\u00edcilmente se pueden apreciar in situ. Esta secci\u00f3n es juzgada por la American Orchid Society(AOS), por jueces especialmente tra\u00eddos desde EEUU.<\/li><li>Conferencias. Tanto los jueces como expertos nacionales en la investigaci\u00f3n de orqu\u00eddeas dictan conferencias durante dos d\u00edas del show. Estas conferencias est\u00e1n abiertas al p\u00fablico en general.<\/li><li>Secci\u00f3n venta. Comerciantes de orqu\u00eddeas ofrecen las plantas a precios muy competitivos.<\/li><\/ul>\n\n\n<div class=\"wp-block-image\">\n<figure class=\"aligncenter size-full\"><a href=\"https:\/\/www.inkaterra.com\/inkaterra-asociacion-org\/wp-content\/uploads\/2023\/07\/evento-asociado1.jpg\"><img loading=\"lazy\" decoding=\"async\" width=\"920\" height=\"382\" src=\"https:\/\/www.inkaterra.com\/inkaterra-asociacion-org\/wp-content\/uploads\/2023\/07\/evento-asociado1.jpg\" alt=\"\" class=\"wp-image-43733\" srcset=\"https:\/\/www.inkaterra.com\/inkaterra-asociacion-org\/wp-content\/uploads\/2023\/07\/evento-asociado1.jpg 920w, https:\/\/www.inkaterra.com\/inkaterra-asociacion-org\/wp-content\/uploads\/2023\/07\/evento-asociado1-300x125.jpg 300w, https:\/\/www.inkaterra.com\/inkaterra-asociacion-org\/wp-content\/uploads\/2023\/07\/evento-asociado1-768x319.jpg 768w\" sizes=\"auto, (max-width: 920px) 100vw, 920px\" \/><\/a><\/figure><\/div>","protected":false},"excerpt":{"rendered":"Lima Exposici\u00f3n Internacional de Orqu\u00eddeas, evento organizado por la Sociedad Peruana de Orqu\u00eddeas (24 al 26 de noviembre) Lugar : Museo de Arte Contempor\u00e1neo de Lima \u2013 Av. Almte. Miguel Grau 1511, Barranco Se trata de una gran exposici\u00f3n especializada en flores orquid\u00e1ceas, regida por los lineamientos del NGC y la AOS. Consta de 5&#8230; <a class=\"view-article\" href=\"https:\/\/www.inkaterra.com\/inkaterra-asociacion-org\/conferencias\/evento-asociado\/\">Ver art\u00edculo<\/a>","protected":false},"author":4,"featured_media":0,"parent":41574,"menu_order":16,"comment_status":"closed","ping_status":"closed","template":"","meta":{"footnotes":""},"class_list":["post-43729","page","type-page","status-publish","hentry"],"acf":[],"aioseo_notices":[],"_links":{"self":[{"href":"https:\/\/www.inkaterra.com\/inkaterra-asociacion-org\/wp-json\/wp\/v2\/pages\/43729","targetHints":{"allow":["GET"]}}],"collection":[{"href":"https:\/\/www.inkaterra.com\/inkaterra-asociacion-org\/wp-json\/wp\/v2\/pages"}],"about":[{"href":"https:\/\/www.inkaterra.com\/inkaterra-asociacion-org\/wp-json\/wp\/v2\/types\/page"}],"author":[{"embeddable":true,"href":"https:\/\/www.inkaterra.com\/inkaterra-asociacion-org\/wp-json\/wp\/v2\/users\/4"}],"replies":[{"embeddable":true,"href":"https:\/\/www.inkaterra.com\/inkaterra-asociacion-org\/wp-json\/wp\/v2\/comments?post=43729"}],"version-history":[{"count":5,"href":"https:\/\/www.inkaterra.com\/inkaterra-asociacion-org\/wp-json\/wp\/v2\/pages\/43729\/revisions"}],"predecessor-version":[{"id":43964,"href":"https:\/\/www.inkaterra.com\/inkaterra-asociacion-org\/wp-json\/wp\/v2\/pages\/43729\/revisions\/43964"}],"up":[{"embeddable":true,"href":"https:\/\/www.inkaterra.com\/inkaterra-asociacion-org\/wp-json\/wp\/v2\/pages\/41574"}],"wp:attachment":[{"href":"https:\/\/www.inkaterra.com\/inkaterra-asociacion-org\/wp-json\/wp\/v2\/media?parent=43729"}],"curies":[{"name":"wp","href":"https:\/\/api.w.org\/{rel}","templated":true}]}}