{"id":1153,"date":"2013-10-31T15:13:35","date_gmt":"2013-10-31T15:13:35","guid":{"rendered":"http:\/\/www.inkaterra.com\/inkaterra-asociacion-org\/?page_id=1153"},"modified":"2023-02-07T17:18:01","modified_gmt":"2023-02-07T17:18:01","slug":"donate","status":"publish","type":"page","link":"https:\/\/www.inkaterra.com\/inkaterra-asociacion-org\/donate\/","title":{"rendered":"Donaci\u00f3n"},"content":{"rendered":"<div id=\"ita-donateform\">\n\n<div class=\"wpcf7 no-js\" id=\"wpcf7-f1161-o1\" lang=\"es-ES\" dir=\"ltr\" data-wpcf7-id=\"1161\">\n<div class=\"screen-reader-response\"><p role=\"status\" aria-live=\"polite\" aria-atomic=\"true\"><\/p> <ul><\/ul><\/div>\n<form action=\"\/inkaterra-asociacion-org\/wp-json\/wp\/v2\/pages\/1153#wpcf7-f1161-o1\" method=\"post\" class=\"wpcf7-form init\" aria-label=\"Formulario de contacto\" novalidate=\"novalidate\" data-status=\"init\">\n<fieldset class=\"hidden-fields-container\"><input type=\"hidden\" name=\"_wpcf7\" value=\"1161\" \/><input type=\"hidden\" name=\"_wpcf7_version\" value=\"6.1.5\" \/><input type=\"hidden\" name=\"_wpcf7_locale\" value=\"es_ES\" \/><input type=\"hidden\" name=\"_wpcf7_unit_tag\" value=\"wpcf7-f1161-o1\" \/><input type=\"hidden\" name=\"_wpcf7_container_post\" value=\"0\" \/><input type=\"hidden\" name=\"_wpcf7_posted_data_hash\" value=\"\" \/><input type=\"hidden\" name=\"_wpcf7_recaptcha_response\" value=\"\" \/>\n<\/fieldset>\n<p>Su nombre (requerido)\n<\/p>\n<p><span class=\"wpcf7-form-control-wrap\" data-name=\"your-name\"><input size=\"40\" maxlength=\"400\" class=\"wpcf7-form-control wpcf7-text wpcf7-validates-as-required\" aria-required=\"true\" aria-invalid=\"false\" value=\"\" type=\"text\" name=\"your-name\" \/><\/span>\n<\/p>\n<p>Su e-mail (requerido)\n<\/p>\n<p><span class=\"wpcf7-form-control-wrap\" data-name=\"your-email\"><input size=\"40\" maxlength=\"400\" class=\"wpcf7-form-control wpcf7-email wpcf7-validates-as-required wpcf7-text wpcf7-validates-as-email\" aria-required=\"true\" aria-invalid=\"false\" value=\"\" type=\"email\" name=\"your-email\" \/><\/span>\n<\/p>\n<p>Ciudad\n<\/p>\n<p><span class=\"wpcf7-form-control-wrap\" data-name=\"city\"><input size=\"40\" maxlength=\"400\" class=\"wpcf7-form-control wpcf7-text\" aria-invalid=\"false\" value=\"\" type=\"text\" name=\"city\" \/><\/span>\n<\/p>\n<p>Estado\/Pais\n<\/p>\n<p><span class=\"wpcf7-form-control-wrap\" data-name=\"statecountry\"><input size=\"40\" maxlength=\"400\" class=\"wpcf7-form-control wpcf7-text\" aria-invalid=\"false\" value=\"\" type=\"text\" name=\"statecountry\" \/><\/span>\n<\/p>\n<p>Codigo Zip\n<\/p>\n<p><span class=\"wpcf7-form-control-wrap\" data-name=\"zipcode\"><input size=\"40\" maxlength=\"400\" class=\"wpcf7-form-control wpcf7-text\" aria-invalid=\"false\" value=\"\" type=\"text\" name=\"zipcode\" \/><\/span>\n<\/p>\n<p>Tel\u00e9fono\n<\/p>\n<p><span class=\"wpcf7-form-control-wrap\" data-name=\"telfax\"><input size=\"40\" maxlength=\"400\" class=\"wpcf7-form-control wpcf7-text\" aria-invalid=\"false\" value=\"\" type=\"text\" name=\"telfax\" \/><\/span>\n<\/p>\n<p>Selecciona tu proyecto<br \/>\n<span class=\"wpcf7-form-control-wrap\" data-name=\"menu-809\"><select class=\"wpcf7-form-control wpcf7-select wpcf7-validates-as-required\" aria-required=\"true\" aria-invalid=\"false\" name=\"menu-809\"><option value=\"Proteja la Selva Lluviosa Amaz\u00f3nica\">Proteja la Selva Lluviosa Amaz\u00f3nica<\/option><option value=\"Educaci\u00f3n para la Conservaci\u00f3n\">Educaci\u00f3n para la Conservaci\u00f3n<\/option><\/select><\/span>\n<\/p>\n<p><br \/>\nIngresar el texto de la imagen inferior<span class=\"wpcf7-form-control-wrap\" data-name=\"captcha-597\"><input size=\"40\" class=\"wpcf7-form-control wpcf7-captchar\" autocomplete=\"off\" aria-invalid=\"false\" value=\"\" type=\"text\" name=\"captcha-597\" \/><\/span><input type=\"hidden\" name=\"_wpcf7_captcha_challenge_captcha-597\" value=\"3010676094\" \/><img loading=\"lazy\" decoding=\"async\" class=\"wpcf7-form-control wpcf7-captchac wpcf7-captcha-captcha-597\" width=\"72\" height=\"24\" alt=\"captcha\" src=\"https:\/\/www.inkaterra.com\/inkaterra-asociacion-org\/wp-content\/uploads\/wpcf7_captcha\/3010676094.png\" \/>\n<\/p>\n<p style=\"text-align:center\"><button type=\"submit\"><span>Enviar<\/span><\/button><br \/>\n<span class=\"ajax-loader\"><\/span>\n<\/p>\n<p class=\"recaptcha-message\">Este sitio est\u00e1 protegido por reCAPTCHA y se aplican la <a target=\"_blank\" href=\"https:\/\/policies.google.com\/privacy\">Pol\u00edtica de privacidad<\/a> de Google y los <a target=\"_blank\" href=\"https:\/\/policies.google.com\/terms\">T\u00e9rminos de servicio<\/a>.\n<\/p><div class=\"wpcf7-response-output\" aria-hidden=\"true\"><\/div>\n<\/form>\n<\/div>\n<\/p>\n<p>Dep\u00f3sito bancario a Inka Terra Asociaci\u00f3n<br \/>\nBanco de Cr\u00e9dito del Per\u00fa<br \/>\nCuenta N\u00b0 (USD $): 193-1445978-1-46<br \/>\nCuenta N\u00b0 (PEN S\/.): 193-1440620-0-13<br \/>\nSwift Code: BCPLPEPL<\/p>\n<\/div>\n","protected":false},"excerpt":{"rendered":"Dep\u00f3sito bancario a Inka Terra Asociaci\u00f3n Banco de Cr\u00e9dito del Per\u00fa Cuenta N\u00b0 (USD $): 193-1445978-1-46 Cuenta N\u00b0 (PEN S\/.): 193-1440620-0-13 Swift Code: BCPLPEPL","protected":false},"author":4,"featured_media":0,"parent":0,"menu_order":40,"comment_status":"open","ping_status":"open","template":"","meta":{"footnotes":""},"class_list":["post-1153","page","type-page","status-publish","hentry"],"acf":[],"aioseo_notices":[],"_links":{"self":[{"href":"https:\/\/www.inkaterra.com\/inkaterra-asociacion-org\/wp-json\/wp\/v2\/pages\/1153","targetHints":{"allow":["GET"]}}],"collection":[{"href":"https:\/\/www.inkaterra.com\/inkaterra-asociacion-org\/wp-json\/wp\/v2\/pages"}],"about":[{"href":"https:\/\/www.inkaterra.com\/inkaterra-asociacion-org\/wp-json\/wp\/v2\/types\/page"}],"author":[{"embeddable":true,"href":"https:\/\/www.inkaterra.com\/inkaterra-asociacion-org\/wp-json\/wp\/v2\/users\/4"}],"replies":[{"embeddable":true,"href":"https:\/\/www.inkaterra.com\/inkaterra-asociacion-org\/wp-json\/wp\/v2\/comments?post=1153"}],"version-history":[{"count":14,"href":"https:\/\/www.inkaterra.com\/inkaterra-asociacion-org\/wp-json\/wp\/v2\/pages\/1153\/revisions"}],"predecessor-version":[{"id":37545,"href":"https:\/\/www.inkaterra.com\/inkaterra-asociacion-org\/wp-json\/wp\/v2\/pages\/1153\/revisions\/37545"}],"wp:attachment":[{"href":"https:\/\/www.inkaterra.com\/inkaterra-asociacion-org\/wp-json\/wp\/v2\/media?parent=1153"}],"curies":[{"name":"wp","href":"https:\/\/api.w.org\/{rel}","templated":true}]}}