{"id":43836,"date":"2023-07-19T12:30:38","date_gmt":"2023-07-19T12:30:38","guid":{"rendered":"https:\/\/www.inkaterra.com\/inkaterra-asociacion-org\/conferences\/presentacion-de-resumenes\/"},"modified":"2023-10-03T20:34:57","modified_gmt":"2023-10-03T20:34:57","slug":"abstract-submission","status":"publish","type":"page","link":"https:\/\/www.inkaterra.com\/inkaterra-asociacion-org\/en\/conferences\/abstract-submission\/","title":{"rendered":"Abstract Submission"},"content":{"rendered":"\n<div class=\"wp-block-columns is-layout-flex wp-container-core-columns-is-layout-1 wp-block-columns-is-layout-flex\">\n<div class=\"wp-block-column is-layout-flow wp-block-column-is-layout-flow\">\n<p>Abstracts for oral and poster presentations will be reviewed by the scientific committee composed of:<\/p>\n\n\n\n<ul class=\"wp-block-list\"><li>Nicola Flanagan, Pontificia Universidad Javeriana, Colombia<\/li><li>Tom Mirenda, American Orchid Society, USA<\/li><li>Maria Luisa Ochoa, Universidad Nacional de San Antonio Abad del Cusco, Per\u00fa<\/li><li>Daxs Coayla, Inkaterra Asociaci\u00f3n \u2013 ITA, Per\u00fa<\/li><li>Gunter Gerlach, Botanischer Garten M\u00fcnchen-Nymphenburg, M\u00fcnchen, Alemania<\/li><li>Eric Hagsater, Herbario AMO, M\u00e9xico<\/li><li>Franco Pupulin, Jard\u00edn Bot\u00e1nico Lankester, Costa Rica<\/li><\/ul>\n<\/div>\n\n\n\n<div class=\"wp-block-column is-layout-flow wp-block-column-is-layout-flow\"><div class=\"wp-block-image\">\n<figure class=\"aligncenter size-full\"><a href=\"https:\/\/www.inkaterra.com\/inkaterra-asociacion-org\/wp-content\/uploads\/2023\/07\/Epidendrum-aff-secundum-Autor-Marcial-Villafuerte-1.jpg\"><img loading=\"lazy\" decoding=\"async\" width=\"920\" height=\"613\" src=\"https:\/\/www.inkaterra.com\/inkaterra-asociacion-org\/wp-content\/uploads\/2023\/07\/Epidendrum-aff-secundum-Autor-Marcial-Villafuerte-1.jpg\" alt=\"\" class=\"wp-image-43760\" srcset=\"https:\/\/www.inkaterra.com\/inkaterra-asociacion-org\/wp-content\/uploads\/2023\/07\/Epidendrum-aff-secundum-Autor-Marcial-Villafuerte-1.jpg 920w, https:\/\/www.inkaterra.com\/inkaterra-asociacion-org\/wp-content\/uploads\/2023\/07\/Epidendrum-aff-secundum-Autor-Marcial-Villafuerte-1-300x200.jpg 300w, https:\/\/www.inkaterra.com\/inkaterra-asociacion-org\/wp-content\/uploads\/2023\/07\/Epidendrum-aff-secundum-Autor-Marcial-Villafuerte-1-768x512.jpg 768w\" sizes=\"auto, (max-width: 920px) 100vw, 920px\" \/><\/a><\/figure><\/div><\/div>\n<\/div>\n\n\n\n<p><strong>CLOSED CALL<\/strong><\/p>\n\n\n<div class=\"listitems\" id=\"listitems-block_987e85cca7ef4d8b08ecd933816ef792\">\n            <div class=\"list-item\">\n\n                <div class=\"item-wrapper\">\n\n                    <div class=\"thumbnail\">\n\n                        <a target=\"_blank\" href=\"https:\/\/www.inkaterra.com\/inkaterra-asociacion-org\/wp-content\/uploads\/2023\/08\/bases-de-presentacion-de-resumenes-vii-conferencia-orquideas-andinas_eng.pdf\">\n                            <img decoding=\"async\" src=\"https:\/\/www.inkaterra.com\/inkaterra-asociacion-org\/wp-content\/uploads\/2023\/08\/BASES-DE-PRESENTACION-DE-RESUMENES_INGLES_170x260px.jpg\" alt=\"\">\n                        <\/a>\n\n                    <\/div>\n\n                    <div class=\"btn-download\">\n\n                        <a target=\"_blank\" href=\"https:\/\/www.inkaterra.com\/inkaterra-asociacion-org\/wp-content\/uploads\/2023\/08\/bases-de-presentacion-de-resumenes-vii-conferencia-orquideas-andinas_eng.pdf\">\n                            Download                            <span><\/span>\n                        <\/a>\n                    <\/div>\n                <\/div>\n            <\/div>\n                    <div class=\"list-item\">\n\n                <div class=\"item-wrapper\">\n\n                    <div class=\"thumbnail\">\n\n                        <a target=\"_blank\" href=\"https:\/\/www.inkaterra.com\/inkaterra-asociacion-org\/wp-content\/uploads\/2023\/08\/modelo-de-presentacion-de-resumenes-vii-aoc-2023_eng.pdf\">\n                            <img decoding=\"async\" src=\"https:\/\/www.inkaterra.com\/inkaterra-asociacion-org\/wp-content\/uploads\/2023\/08\/MODELO-DE-PRESENTACION-DE-RESUMENES_INGLES_170x260px.jpg\" alt=\"\">\n                        <\/a>\n\n                    <\/div>\n\n                    <div class=\"btn-download\">\n\n                        <a target=\"_blank\" href=\"https:\/\/www.inkaterra.com\/inkaterra-asociacion-org\/wp-content\/uploads\/2023\/08\/modelo-de-presentacion-de-resumenes-vii-aoc-2023_eng.pdf\">\n                            Download                            <span><\/span>\n                        <\/a>\n                    <\/div>\n                <\/div>\n            <\/div>\n        <\/div>\n\n\n<p>For further information, please write to <a href=\"mailto:resumenes.aoc@inkaterra-asociacion.org\">resumenes.aoc@inkaterra-asociacion.org<\/a><\/p>\n","protected":false},"excerpt":{"rendered":"Abstracts for oral and poster presentations will be reviewed by the scientific committee composed of: Nicola Flanagan, Pontificia Universidad Javeriana, Colombia Tom Mirenda, American Orchid Society, USA Maria Luisa Ochoa, Universidad Nacional de San Antonio Abad del Cusco, Per\u00fa Daxs Coayla, Inkaterra Asociaci\u00f3n \u2013 ITA, Per\u00fa Gunter Gerlach, Botanischer Garten M\u00fcnchen-Nymphenburg, M\u00fcnchen, Alemania Eric Hagsater,&#8230; <a class=\"view-article\" href=\"https:\/\/www.inkaterra.com\/inkaterra-asociacion-org\/en\/conferences\/abstract-submission\/\">View Article<\/a>","protected":false},"author":4,"featured_media":0,"parent":41593,"menu_order":22,"comment_status":"closed","ping_status":"closed","template":"","meta":{"footnotes":""},"class_list":["post-43836","page","type-page","status-publish","hentry"],"acf":[],"aioseo_notices":[],"_links":{"self":[{"href":"https:\/\/www.inkaterra.com\/inkaterra-asociacion-org\/en\/wp-json\/wp\/v2\/pages\/43836","targetHints":{"allow":["GET"]}}],"collection":[{"href":"https:\/\/www.inkaterra.com\/inkaterra-asociacion-org\/en\/wp-json\/wp\/v2\/pages"}],"about":[{"href":"https:\/\/www.inkaterra.com\/inkaterra-asociacion-org\/en\/wp-json\/wp\/v2\/types\/page"}],"author":[{"embeddable":true,"href":"https:\/\/www.inkaterra.com\/inkaterra-asociacion-org\/en\/wp-json\/wp\/v2\/users\/4"}],"replies":[{"embeddable":true,"href":"https:\/\/www.inkaterra.com\/inkaterra-asociacion-org\/en\/wp-json\/wp\/v2\/comments?post=43836"}],"version-history":[{"count":9,"href":"https:\/\/www.inkaterra.com\/inkaterra-asociacion-org\/en\/wp-json\/wp\/v2\/pages\/43836\/revisions"}],"predecessor-version":[{"id":44264,"href":"https:\/\/www.inkaterra.com\/inkaterra-asociacion-org\/en\/wp-json\/wp\/v2\/pages\/43836\/revisions\/44264"}],"up":[{"embeddable":true,"href":"https:\/\/www.inkaterra.com\/inkaterra-asociacion-org\/en\/wp-json\/wp\/v2\/pages\/41593"}],"wp:attachment":[{"href":"https:\/\/www.inkaterra.com\/inkaterra-asociacion-org\/en\/wp-json\/wp\/v2\/media?parent=43836"}],"curies":[{"name":"wp","href":"https:\/\/api.w.org\/{rel}","templated":true}]}}