{"id":9914,"date":"2012-09-28T11:50:30","date_gmt":"2012-09-28T16:50:30","guid":{"rendered":"http:\/\/www.inkaterra.com\/\/?page_id=9914"},"modified":"2019-06-03T11:37:44","modified_gmt":"2019-06-03T16:37:44","slug":"nuestro-compromiso","status":"publish","type":"page","link":"https:\/\/www.inkaterra.com\/es\/nuestro-compromiso\/","title":{"rendered":"Nuestro Compromiso"},"content":{"rendered":"<p style=\"text-align: justify;\">Inkaterra es pionera del ecoturismo en Per\u00fa desde 1975, y hoy es reconocida como l\u00edder mundial en desarrollo sostenible. Con el objetivo de difundir valores culturales y naturales, la marca trabaja con un enfoque hol\u00edstico que genera valor agregado en \u00e1reas rurales: promueve la investigaci\u00f3n cient\u00edfica como base para la conservaci\u00f3n de la biodiversidad, la educaci\u00f3n y el crecimiento econ\u00f3mico de las comunidades locales.<\/p>\n<h4 style=\"text-align: justify;\"><strong>MISI\u00d3N<\/strong><\/h4>\n<p style=\"text-align: justify;\">Excelencia en geoturismo y conservaci\u00f3n revaluando los aut\u00e9nticos valores culturales, sociales y naturales creando experiencias aut\u00e9nticas.<\/p>\n<h4 style=\"text-align: justify;\"><strong>VISI\u00d3N<\/strong><\/h4>\n<p style=\"text-align: justify;\">Organizaci\u00f3n Peruana l\u00edder en geoturismo y conservaci\u00f3n en Latinoam\u00e9rica desde 1975.<\/p>\n","protected":false},"excerpt":{"rendered":"<p>Inkaterra es pionera del ecoturismo en Per\u00fa desde 1975, y hoy es reconocida como l\u00edder mundial en desarrollo sostenible. Con el objetivo de difundir valores culturales y naturales, la marca trabaja con un enfoque hol\u00edstico que genera valor agregado en \u00e1reas rurales: promueve la investigaci\u00f3n cient\u00edfica como base para la conservaci\u00f3n de la biodiversidad, la [&hellip;]<\/p>\n","protected":false},"author":8,"featured_media":0,"parent":0,"menu_order":57,"comment_status":"closed","ping_status":"closed","template":"","meta":{"_acf_changed":false,"_editorskit_title_hidden":false,"_editorskit_reading_time":0,"_editorskit_is_block_options_detached":false,"_editorskit_block_options_position":"{}","footnotes":""},"class_list":["post-9914","page","type-page","status-publish","hentry"],"acf":[],"aioseo_notices":[],"_links":{"self":[{"href":"https:\/\/www.inkaterra.com\/es\/wp-json\/wp\/v2\/pages\/9914","targetHints":{"allow":["GET"]}}],"collection":[{"href":"https:\/\/www.inkaterra.com\/es\/wp-json\/wp\/v2\/pages"}],"about":[{"href":"https:\/\/www.inkaterra.com\/es\/wp-json\/wp\/v2\/types\/page"}],"author":[{"embeddable":true,"href":"https:\/\/www.inkaterra.com\/es\/wp-json\/wp\/v2\/users\/8"}],"replies":[{"embeddable":true,"href":"https:\/\/www.inkaterra.com\/es\/wp-json\/wp\/v2\/comments?post=9914"}],"version-history":[{"count":0,"href":"https:\/\/www.inkaterra.com\/es\/wp-json\/wp\/v2\/pages\/9914\/revisions"}],"wp:attachment":[{"href":"https:\/\/www.inkaterra.com\/es\/wp-json\/wp\/v2\/media?parent=9914"}],"curies":[{"name":"wp","href":"https:\/\/api.w.org\/{rel}","templated":true}]}}