{"id":9906,"date":"2012-08-01T10:02:29","date_gmt":"2012-08-01T15:02:29","guid":{"rendered":"http:\/\/www.inkaterra.com\/\/?page_id=9906"},"modified":"2025-07-09T18:18:21","modified_gmt":"2025-07-09T23:18:21","slug":"nuestra-empresa","status":"publish","type":"page","link":"https:\/\/www.inkaterra.com\/es\/nuestra-empresa\/","title":{"rendered":"Nuestra Empresa"},"content":{"rendered":"<p>Establecida en 1975, Inkaterra es pionera del ecoturismo y el desarrollo sostenible en Per\u00fa. Ha dedicado las \u00faltimas cuatro d\u00e9cadas a dise\u00f1ar aut\u00e9nticas experiencias de viaje, con el objetivo de preservar la biodiversidad y las culturas locales. Los esfuerzos de Inkaterra en conservaci\u00f3n y sostenibilidad le han permitido ser miembro de diversas alianzas, como Relais &amp; Ch\u00e2teaux y Virtuoso.<\/p>\n<p>Los hoteles de Inkaterra est\u00e1n ubicados en el coraz\u00f3n de la Amazon\u00eda peruana, en el bosque de nubes de Machu Picchu, entre las calles empedradas de Cusco y en las monta\u00f1as del Valle Sagrado de los Incas. Las propiedades se caracterizan por el lujo ecol\u00f3gico, construidas con materiales nativos y con dise\u00f1os eco-amigables inspirados en la arquitectura tradicional, en armon\u00eda con el entorno.<\/p>\n","protected":false},"excerpt":{"rendered":"<p>Establecida en 1975, Inkaterra es pionera del ecoturismo y el desarrollo sostenible en Per\u00fa. Ha dedicado las \u00faltimas cuatro d\u00e9cadas a dise\u00f1ar aut\u00e9nticas experiencias de viaje, con el objetivo de preservar la biodiversidad y las culturas locales. Los esfuerzos de Inkaterra en conservaci\u00f3n y sostenibilidad le han permitido ser miembro de diversas alianzas, como Relais [&hellip;]<\/p>\n","protected":false},"author":8,"featured_media":0,"parent":0,"menu_order":55,"comment_status":"closed","ping_status":"closed","template":"","meta":{"_acf_changed":false,"_editorskit_title_hidden":false,"_editorskit_reading_time":0,"_editorskit_is_block_options_detached":false,"_editorskit_block_options_position":"{}","footnotes":""},"class_list":["post-9906","page","type-page","status-publish","hentry","plantillas-_tpl-page-our-company"],"acf":[],"aioseo_notices":[],"_links":{"self":[{"href":"https:\/\/www.inkaterra.com\/es\/wp-json\/wp\/v2\/pages\/9906","targetHints":{"allow":["GET"]}}],"collection":[{"href":"https:\/\/www.inkaterra.com\/es\/wp-json\/wp\/v2\/pages"}],"about":[{"href":"https:\/\/www.inkaterra.com\/es\/wp-json\/wp\/v2\/types\/page"}],"author":[{"embeddable":true,"href":"https:\/\/www.inkaterra.com\/es\/wp-json\/wp\/v2\/users\/8"}],"replies":[{"embeddable":true,"href":"https:\/\/www.inkaterra.com\/es\/wp-json\/wp\/v2\/comments?post=9906"}],"version-history":[{"count":5,"href":"https:\/\/www.inkaterra.com\/es\/wp-json\/wp\/v2\/pages\/9906\/revisions"}],"predecessor-version":[{"id":93150,"href":"https:\/\/www.inkaterra.com\/es\/wp-json\/wp\/v2\/pages\/9906\/revisions\/93150"}],"wp:attachment":[{"href":"https:\/\/www.inkaterra.com\/es\/wp-json\/wp\/v2\/media?parent=9906"}],"curies":[{"name":"wp","href":"https:\/\/api.w.org\/{rel}","templated":true}]}}