{"id":88155,"date":"2023-07-24T18:52:49","date_gmt":"2023-07-24T23:52:49","guid":{"rendered":"https:\/\/www.inkaterra.com\/?page_id=88155"},"modified":"2023-07-25T16:59:09","modified_gmt":"2023-07-25T21:59:09","slug":"prensa-destacada-julio-2023","status":"publish","type":"page","link":"https:\/\/www.inkaterra.com\/es\/prensa-destacada-julio-2023\/","title":{"rendered":"Prensa Destacada: Julio 2023"},"content":{"rendered":"\n<figure class=\"wp-block-table is-style-regular\"><table><thead><tr><th>Fuente<\/th><th>Titulo<\/th><th>URL<\/th><\/tr><\/thead><tbody><tr><td>Revista Business &#8211; Secci\u00f3n Management<\/td><td>Liderazgo centrado en el cliente<\/td><td><a href=\"https:\/\/www.inkaterra.com\/wp-content\/uploads\/2023\/07\/Julio-Revista-Business-2023-Liderazgo-Centrado-en-el-Cliente.pdf\">https:\/\/www.inkaterra.com\/wp-content\/uploads\/2023\/07\/Julio-Revista-Business-2023-Liderazgo-Centrado-en-el-Cliente.pdf<\/a><\/td><\/tr><tr><td>Palermo Online Noticias<\/td><td>5 estrellas amaz\u00f3nicas<\/td><td><a href=\"https:\/\/palermonline.com.ar\/wordpress\/5-estrellas-amazonicas\/\">https:\/\/palermonline.com.ar\/wordpress\/5-estrellas-amazonicas\/<\/a><\/td><\/tr><tr><td>Norte en L\u00ednea<\/td><td>5 estrellas amaz\u00f3nicas<\/td><td><a href=\"https:\/\/norteenlinea.com\/noticias\/notas-de-opinion\/5-estrellas-amazonicas\">https:\/\/norteenlinea.com\/noticias\/notas-de-opinion\/5-estrellas-amazonicas<\/a><\/td><\/tr><tr><td>FORBES.PE<\/td><td>\u00bfC\u00f3mo se viene recuperando el turismo en Per\u00fa y cu\u00e1ndo alcanzar\u00eda el ritmo de crecimiento de la regi\u00f3n?<\/td><td><a href=\"https:\/\/forbes.pe\/negocios\/2023-07-06\/como-se-viene-recuperando-el-turismo-en-peru-y-cuando-alcanzaria-el-ritmo-de-crecimiento-de-la-region\">https:\/\/forbes.pe\/negocios\/2023-07-06\/como-se-viene-recuperando-el-turismo-en-peru-y-cuando-alcanzaria-el-ritmo-de-crecimiento-de-la-region<\/a><\/td><\/tr><tr><td>TURIWEB<\/td><td>Sector privado espera mayor recuperaci\u00f3n del turismo peruano en segundo semestre<\/td><td><a href=\"https:\/\/www.turiweb.pe\/sector-privado-espera-mayor-recuperacion-del-turismo-peruano-en-segundo-semestre\/\">https:\/\/www.turiweb.pe\/sector-privado-espera-mayor-recuperacion-del-turismo-peruano-en-segundo-semestre\/<\/a><\/td><\/tr><tr><td>La Nota Econ\u00f3mica<\/td><td>Per\u00fa, un destino eco-amigable que preserva su acervo natural y cultural<\/td><td><a href=\"https:\/\/lanotaeconomica.com.co\/movidas-empresarial\/peru-un-destino-eco-amigable-que-preserva-su-acervo-natural-y-cultural\/\" target=\"_blank\" rel=\"noreferrer noopener\">https:\/\/lanotaeconomica.com.co\/movidas-empresarial\/peru-un-destino-eco-amigable-que-preserva-su-acervo-natural-y-cultural\/<\/a><\/td><\/tr><tr><td>TRAVEL + LEISURE<\/td><td>Travel + Leisure readers&#8217; 5 favorite resorts in South America of 2023<\/td><td><a href=\"https:\/\/www.travelandleisure.com\/best-resorts-in-south-america-2023-7506999\">https:\/\/www.travelandleisure.com\/best-resorts-in-south-america-2023-7506999<\/a><\/td><\/tr><tr><td>MSN.COM<\/td><td>Travel + Leisure readers&#8217; 5 favorite resorts in South America of 2023<\/td><td><a href=\"https:\/\/www.msn.com\/en-ca\/travel\/news\/travel-leisure-readers-5-favorite-resorts-in-south-america-of-2023\/ar-AA1dIfuP\">https:\/\/www.msn.com\/en-ca\/travel\/news\/travel-leisure-readers-5-favorite-resorts-in-south-america-of-2023\/ar-AA1dIfuP<\/a><\/td><\/tr><tr><td>VIAJANDO<\/td><td>Per\u00fa: 3 destinos para realizar turismo sostenible<\/td><td><a href=\"https:\/\/argentina.viajando.travel\/peru\/peru-3-destinos-realizar-turismo-sostenible-n54089\">https:\/\/argentina.viajando.travel\/peru\/peru-3-destinos-realizar-turismo-sostenible-n54089<\/a><\/td><\/tr><tr><td>Haciendo Futuros<\/td><td>Cabo Blanco y finca para\u00edso, mensajes desde el mar y el bosque<\/td><td><a href=\"http:\/\/haciendofuturos.blogspot.com\/2023\/07\/cabo-blanco-y-finca-paraiso-mensajes.html\">http:\/\/haciendofuturos.blogspot.com\/2023\/07\/cabo-blanco-y-finca-paraiso-mensajes<\/a><\/td><\/tr><tr><td>El Tiempo<\/td><td>Per\u00fa: Un destino tur\u00edstico para los amantes de la naturaleza<\/td><td><a href=\"https:\/\/www.eltiempo.com\/vida\/peru-un-destino-turistico-para-los-amantes-del-ambiente-785783\">https:\/\/www.eltiempo.com\/vida\/peru-un-destino-turistico-para-los-amantes-del-ambiente-785783<\/a><\/td><\/tr><tr><td>Alerta Econ\u00f3mica<\/td><td>Cabo Blanco y finca para\u00edso, mensajes desde el mar y el bosque<\/td><td><a href=\"https:\/\/alertaeconomica.com\/cabo-blanco-y-finca-paraiso-mensajes-desde-el-mar-y-el-bosque\/\">https:\/\/alertaeconomica.com\/cabo-blanco-y-finca-paraiso-mensajes-desde-el-mar-y-el-bosque<\/a><\/td><\/tr><tr><td>Periodista Digital<\/td><td>MACHU PICCHU: \u00a1Vive la gran aventura!<\/td><td><a href=\"https:\/\/www.periodistadigital.com\/magazine\/viajes\/20230717\/peru-expedicion-wiracocha-machu-picchu-vilcanota-ciudad-perdida-incas-valle-sagrado-cusco-noticia-689404871426\/\">https:\/\/www.periodistadigital.com\/magazine\/viajes\/20230717\/peru-expedicion-wiracocha-machu-picchu-vilcanota-ciudad-perdida-incas-valle-sagrado-cusco-noticia-689404871426\/<\/a><\/td><\/tr><tr><td>Andina.pe<\/td><td>Machu Picchu: Instalan 100 c\u00e1maras trampa para fortalecer conservaci\u00f3n del oso andino<\/td><td><a href=\"https:\/\/andina.pe\/agencia\/noticia-machu-picchu-instalan-100-camaras-trampa-para-fortalecer-conservacion-del-oso-andino-947800.aspx\">https:\/\/andina.pe\/agencia\/noticia-machu-picchu-instalan-100-camaras-trampa-para-fortalecer-conservacion-del-oso-andino-947800.aspx<\/a><\/td><\/tr><tr><td>Portal de turismo<\/td><td>\u201cMilagros, una osa extraordinaria\u201d: Primera pel\u00edcula peruana con certificado \u201cClimate Positive\u201d se estrena en Per\u00fa<\/td><td><a href=\"https:\/\/portaldeturismo.pe\/milagros-una-osa-extraordinaria-primera-pelicula-peruana-con-certificado-climate-positive-se-estrena-en-peru\/\" class=\"ek-link\">https:\/\/portaldeturismo.pe\/milagros-una-osa-extraordinaria-primera-pelicula-peruana-con-certificado-climate-positive-se-estrena-en-peru\/<\/a><\/td><\/tr><tr><td>Pursuitist<\/td><td>The world\u2019s top 5 best green hotels<\/td><td><a href=\"https:\/\/pursuitist.com\/the-worlds-top-5-best-green-hotels\/\">https:\/\/pursuitist.com\/the-worlds-top-5-best-green-hotels\/<\/a><\/td><\/tr><\/tbody><\/table><\/figure>\n\n\n\n<p><\/p>\n","protected":false},"excerpt":{"rendered":"<p>Fuente Titulo URL Revista Business &#8211; Secci\u00f3n Management Liderazgo centrado en el cliente https:\/\/www.inkaterra.com\/wp-content\/uploads\/2023\/07\/Julio-Revista-Business-2023-Liderazgo-Centrado-en-el-Cliente.pdf Palermo Online Noticias 5 estrellas amaz\u00f3nicas https:\/\/palermonline.com.ar\/wordpress\/5-estrellas-amazonicas\/ Norte en L\u00ednea 5 estrellas amaz\u00f3nicas https:\/\/norteenlinea.com\/noticias\/notas-de-opinion\/5-estrellas-amazonicas FORBES.PE \u00bfC\u00f3mo se viene recuperando el turismo en Per\u00fa y cu\u00e1ndo alcanzar\u00eda el ritmo de crecimiento de la regi\u00f3n? https:\/\/forbes.pe\/negocios\/2023-07-06\/como-se-viene-recuperando-el-turismo-en-peru-y-cuando-alcanzaria-el-ritmo-de-crecimiento-de-la-region TURIWEB Sector privado espera mayor recuperaci\u00f3n del [&hellip;]<\/p>\n","protected":false},"author":3,"featured_media":0,"parent":0,"menu_order":0,"comment_status":"closed","ping_status":"closed","template":"","meta":{"_acf_changed":false,"_editorskit_title_hidden":false,"_editorskit_reading_time":1,"_editorskit_is_block_options_detached":false,"_editorskit_block_options_position":"{}","footnotes":""},"class_list":["post-88155","page","type-page","status-publish","hentry","plantillas-_tpl-default-prensa"],"acf":[],"aioseo_notices":[],"_links":{"self":[{"href":"https:\/\/www.inkaterra.com\/es\/wp-json\/wp\/v2\/pages\/88155","targetHints":{"allow":["GET"]}}],"collection":[{"href":"https:\/\/www.inkaterra.com\/es\/wp-json\/wp\/v2\/pages"}],"about":[{"href":"https:\/\/www.inkaterra.com\/es\/wp-json\/wp\/v2\/types\/page"}],"author":[{"embeddable":true,"href":"https:\/\/www.inkaterra.com\/es\/wp-json\/wp\/v2\/users\/3"}],"replies":[{"embeddable":true,"href":"https:\/\/www.inkaterra.com\/es\/wp-json\/wp\/v2\/comments?post=88155"}],"version-history":[{"count":5,"href":"https:\/\/www.inkaterra.com\/es\/wp-json\/wp\/v2\/pages\/88155\/revisions"}],"predecessor-version":[{"id":88164,"href":"https:\/\/www.inkaterra.com\/es\/wp-json\/wp\/v2\/pages\/88155\/revisions\/88164"}],"wp:attachment":[{"href":"https:\/\/www.inkaterra.com\/es\/wp-json\/wp\/v2\/media?parent=88155"}],"curies":[{"name":"wp","href":"https:\/\/api.w.org\/{rel}","templated":true}]}}