{"id":56418,"date":"2018-05-02T16:58:20","date_gmt":"2018-05-02T21:58:20","guid":{"rendered":"https:\/\/www.inkaterra.com\/home-2018\/"},"modified":"2026-02-24T08:55:36","modified_gmt":"2026-02-24T13:55:36","slug":"home-2018","status":"publish","type":"page","link":"https:\/\/www.inkaterra.com\/es\/","title":{"rendered":"Inicio"},"content":{"rendered":"<div class=\"block block5 blog\">\n    <div class=\"wrapper-content\">\n                <div class=\"block5--titles\">\n                        <h2>Historias de Inkaterra<\/h2>\n                                    <p>Naturaleza, patrimonio y experiencias atemporales<\/p>\n                    <\/div>\n        <div class=\"blog-item-container\">\n                        <div class=\"blog-item\">\n                <div class=\"blog-item-img\">\n                    <a href=\"https:\/\/www.inkaterra.com\/blog\/es\/donde-el-te-se-vuelve-ritual\/\">\n                        <img decoding=\"async\" src=\"https:\/\/www.inkaterra.com\/blog\/wp-content\/uploads\/2026\/02\/Portadas-Blog-320x147.png\"\n                            alt=\"Donde el t\u00e9 se vuelve ritual\">\n                    <\/a>\n                <\/div>\n                <p class=\"blog-post-title\"><span>Donde el t\u00e9 se vuelve ritual<\/span><\/p>\n                <p class=\"blog-post-content\">\n                    En Machu Picchu, el d\u00eda no irrumpe: despierta.La neblina se desliza sobre las monta\u00f1as, el silencio encuentra su lugar y el primer gesto de la ma\u00f1ana es una &#8230;                <\/p>\n                <hr class=\"blog-item-separator\">\n                <div class=\"blog-post-info\">\n                    <div class=\"post-date\"><span>Feb 05, 2026 <\/span><\/div>\n                    <div class=\"time\"><span>2 min<\/span><\/div>\n                    <div class=\"post-link\"><a rel='noopener' target=\"_blank\" href=\"https:\/\/www.inkaterra.com\/blog\/es\/donde-el-te-se-vuelve-ritual\/\">\n                        <span>Ver m&aacute;s &rarr;<\/span><\/a>\n                    <\/div>\n                <\/div>\n            <\/div>\n                        <div class=\"blog-item\">\n                <div class=\"blog-item-img\">\n                    <a href=\"https:\/\/www.inkaterra.com\/blog\/es\/una-pausa-solo-para-dos\/\">\n                        <img decoding=\"async\" src=\"https:\/\/www.inkaterra.com\/blog\/wp-content\/uploads\/2026\/01\/Portadas-Blog-320x147.png\"\n                            alt=\"Una Pausa Solo Para Dos\">\n                    <\/a>\n                <\/div>\n                <p class=\"blog-post-title\"><span>Una Pausa Solo Para Dos<\/span><\/p>\n                <p class=\"blog-post-content\">\n                    Algunos momentos no piden ser planeados. Solo piden presencia: sentarse uno frente al otro,dejar que el mundo se aquietey permitir que la conexi\u00f3n surja de man&#8230;                <\/p>\n                <hr class=\"blog-item-separator\">\n                <div class=\"blog-post-info\">\n                    <div class=\"post-date\"><span>Jan 14, 2026 <\/span><\/div>\n                    <div class=\"time\"><span>2 min<\/span><\/div>\n                    <div class=\"post-link\"><a rel='noopener' target=\"_blank\" href=\"https:\/\/www.inkaterra.com\/blog\/es\/una-pausa-solo-para-dos\/\">\n                        <span>Ver m&aacute;s &rarr;<\/span><\/a>\n                    <\/div>\n                <\/div>\n            <\/div>\n                        <div class=\"blog-item\">\n                <div class=\"blog-item-img\">\n                    <a href=\"https:\/\/www.inkaterra.com\/blog\/es\/una-casa-nacida-del-valle\/\">\n                        <img decoding=\"async\" src=\"https:\/\/www.inkaterra.com\/blog\/wp-content\/uploads\/2025\/10\/Portadas-Blog-3-320x147.png\"\n                            alt=\"Una Casa Nacida del Valle\">\n                    <\/a>\n                <\/div>\n                <p class=\"blog-post-title\"><span>Una Casa Nacida del Valle<\/span><\/p>\n                <p class=\"blog-post-content\">\n                    Se dice que el Valle Sagrado tiene su propio latido. Sus monta\u00f1as respiran historias de tiempos antiguos, y la tierra guarda memorias que solo se revelan a qui&#8230;                <\/p>\n                <hr class=\"blog-item-separator\">\n                <div class=\"blog-post-info\">\n                    <div class=\"post-date\"><span>Oct 14, 2025 <\/span><\/div>\n                    <div class=\"time\"><span>2 min<\/span><\/div>\n                    <div class=\"post-link\"><a rel='noopener' target=\"_blank\" href=\"https:\/\/www.inkaterra.com\/blog\/es\/una-casa-nacida-del-valle\/\">\n                        <span>Ver m&aacute;s &rarr;<\/span><\/a>\n                    <\/div>\n                <\/div>\n            <\/div>\n                    <\/div>\n        <div class=\"view-more\">\n                        <a href=\"https:\/\/www.inkaterra.com\/blog\/es\/\">\n                Ver todas las historias            <\/a>\n        <\/div>\n    <\/div>\n<\/div>","protected":false},"excerpt":{"rendered":"","protected":false},"author":3,"featured_media":0,"parent":0,"menu_order":13,"comment_status":"closed","ping_status":"closed","template":"index.php","meta":{"_acf_changed":false,"_editorskit_title_hidden":false,"_editorskit_reading_time":1,"_editorskit_is_block_options_detached":false,"_editorskit_block_options_position":"{}","footnotes":""},"class_list":["post-56418","page","type-page","status-publish","hentry"],"acf":[],"aioseo_notices":[],"_links":{"self":[{"href":"https:\/\/www.inkaterra.com\/es\/wp-json\/wp\/v2\/pages\/56418","targetHints":{"allow":["GET"]}}],"collection":[{"href":"https:\/\/www.inkaterra.com\/es\/wp-json\/wp\/v2\/pages"}],"about":[{"href":"https:\/\/www.inkaterra.com\/es\/wp-json\/wp\/v2\/types\/page"}],"author":[{"embeddable":true,"href":"https:\/\/www.inkaterra.com\/es\/wp-json\/wp\/v2\/users\/3"}],"replies":[{"embeddable":true,"href":"https:\/\/www.inkaterra.com\/es\/wp-json\/wp\/v2\/comments?post=56418"}],"version-history":[{"count":23,"href":"https:\/\/www.inkaterra.com\/es\/wp-json\/wp\/v2\/pages\/56418\/revisions"}],"predecessor-version":[{"id":94219,"href":"https:\/\/www.inkaterra.com\/es\/wp-json\/wp\/v2\/pages\/56418\/revisions\/94219"}],"wp:attachment":[{"href":"https:\/\/www.inkaterra.com\/es\/wp-json\/wp\/v2\/media?parent=56418"}],"curies":[{"name":"wp","href":"https:\/\/api.w.org\/{rel}","templated":true}]}}