{"id":19112,"date":"2013-04-15T17:37:02","date_gmt":"2013-04-15T22:37:02","guid":{"rendered":"http:\/\/www.inkaterra.com\/?page_id=19112"},"modified":"2018-09-26T12:25:28","modified_gmt":"2018-09-26T17:25:28","slug":"nuestro-fundador","status":"publish","type":"page","link":"https:\/\/www.inkaterra.com\/es\/nuestro-fundador\/","title":{"rendered":"Nuestro Fundador"},"content":{"rendered":"<p style=\"text-align: justify;\"><strong>JOS\u00c9 KOECHLIN VON STEIN, FUNDADOR Y PRESIDENTE DE INKATERRA<\/strong><\/p>\n<p>Jos\u00e9 Koechlin fund\u00f3 Inkaterra en 1975, empresa pionera del ecoturismo y desarrollo sostenible como base econ\u00f3mica para la conservaci\u00f3n de la biodiversidad. Con el objetivo de difundir los valores culturales y naturales del Per\u00fa, Inkaterra trabaja bajo un enfoque sostenible que genera valor agregado en \u00e1reas rurales: promueve investigaci\u00f3n cient\u00edfica para la conservaci\u00f3n rentable, la educaci\u00f3n y el crecimiento econ\u00f3mico de las comunidades locales.<\/p>\n<p>Como presidente de la ONG Inkaterra Asociaci\u00f3n, Jos\u00e9 Koechlin ha patrocinado inventarios de flora y fauna desde 1978, definiendo las \u00e1reas naturales donde se encuentran los hoteles de Inkaterra: el bosque amaz\u00f3nico de Madre de Dios, el bosque de nubes de Machu Picchu, el Valle Sagrado de los Incas, la ciudad de Cusco y la zona marino-costera de Cabo Blanco. Entre sus principales logros en investigaci\u00f3n cient\u00edfica y conservaci\u00f3n, destacan el registro de 814 especies de aves en las zonas de manejo de Inkaterra; la descripci\u00f3n de 365 especies de hormigas (r\u00e9cord mundial) por el bi\u00f3logo E.O. Wilson en Inkaterra Reserva Amaz\u00f3nica; el Centro de Rescate del Oso Andino, a beneficio de la \u00fanica especie de oso del Hemisferio Sur; la colecci\u00f3n de orqu\u00eddeas nativas m\u00e1s grande del mundo (372 especies); y la propuesta t\u00e9cnica para la creaci\u00f3n de la primera reserva marina del Per\u00fa en el mar tropical de Cabo Blanco.<\/p>\n<p>Para promover experiencias de viaje en el Per\u00fa, el Sr. Koechlin coprodujo las pel\u00edculas de Werner Herzog, <em>Aguirre, la Ira de Dios<\/em> (1972) y <em>Fitzcarraldo<\/em> (Mejor Director, Festival de Cannes 1982), como tambi\u00e9n el documental de Les Blank, <em>El Pesar de los Sue\u00f1os<\/em> (1982). Ha producido diversas publicaciones sobre la biodiversidad y la cultura peruanas, como <em>Cusco Amaz\u00f3nico: The Lives of Amphibians and Reptiles in an Amazonian Rainforest<\/em> (Cornell University Press, 2005), considerado por la Universidad de Cornell como \u201cla l\u00ednea de base contra la cual ser\u00e1n comparados todos los pr\u00f3ximos estudios de anfibios y reptiles de la Amazon\u00eda\u201d; <em>Fl\u00f3rula de la Reserva Ecol\u00f3gica Inkaterra<\/em> (Missouri Botanical Garden and Inka Terra Asociaci\u00f3n, 2007); <em>Orqu\u00eddeas en Inkaterra Machu Picchu Pueblo Hotel<\/em> (Inkaterra, 2007); <em>Los \u00faltimos d\u00edas de los Incas<\/em>, de Kim MacQuarrie (Inkaterra, 2012); y <em>Se\u00f1or de los Milagros, Unidos todos como una fuerza hagamos grande nuestro Per\u00fa<\/em> (Inkaterra, 2014).<\/p>\n<p>Reconocido por la AACSB (Asociaci\u00f3n para el Avance de las Escuelas de Negocios) en su lista mundial de \u2018100 L\u00edderes Influyentes\u2019, el Sr. Koechlin es tambi\u00e9n Presidente de la Sociedad Hoteles del Per\u00fa y miembro em\u00e9rito del directorio de Conservation International (Washington, D.C.). Ha sido premiado con el primer HOLA Lifetime Achievement Award 2016 (Hotel Opportunities Latin America, Conferencia EEUU); el PURE Award 2015 en la categor\u00eda \u2018Contribuci\u00f3n al Turismo Vivencial\u2019; y los premios SAHIC 2010 y 2013 en la categor\u00eda \u2018Mejor Desarrollador\u2019 (South American Hotel Investment Conference).<\/p>\n","protected":false},"excerpt":{"rendered":"<p>JOS\u00c9 KOECHLIN VON STEIN, FUNDADOR Y PRESIDENTE DE INKATERRA Jos\u00e9 Koechlin fund\u00f3 Inkaterra en 1975, empresa pionera del ecoturismo y desarrollo sostenible como base econ\u00f3mica para la conservaci\u00f3n de la biodiversidad. Con el objetivo de difundir los valores culturales y naturales del Per\u00fa, Inkaterra trabaja bajo un enfoque sostenible que genera valor agregado en \u00e1reas [&hellip;]<\/p>\n","protected":false},"author":8,"featured_media":0,"parent":0,"menu_order":59,"comment_status":"open","ping_status":"closed","template":"","meta":{"_acf_changed":false,"_editorskit_title_hidden":false,"_editorskit_reading_time":0,"_editorskit_is_block_options_detached":false,"_editorskit_block_options_position":"{}","footnotes":""},"class_list":["post-19112","page","type-page","status-publish","hentry"],"acf":[],"aioseo_notices":[],"_links":{"self":[{"href":"https:\/\/www.inkaterra.com\/es\/wp-json\/wp\/v2\/pages\/19112","targetHints":{"allow":["GET"]}}],"collection":[{"href":"https:\/\/www.inkaterra.com\/es\/wp-json\/wp\/v2\/pages"}],"about":[{"href":"https:\/\/www.inkaterra.com\/es\/wp-json\/wp\/v2\/types\/page"}],"author":[{"embeddable":true,"href":"https:\/\/www.inkaterra.com\/es\/wp-json\/wp\/v2\/users\/8"}],"replies":[{"embeddable":true,"href":"https:\/\/www.inkaterra.com\/es\/wp-json\/wp\/v2\/comments?post=19112"}],"version-history":[{"count":0,"href":"https:\/\/www.inkaterra.com\/es\/wp-json\/wp\/v2\/pages\/19112\/revisions"}],"wp:attachment":[{"href":"https:\/\/www.inkaterra.com\/es\/wp-json\/wp\/v2\/media?parent=19112"}],"curies":[{"name":"wp","href":"https:\/\/api.w.org\/{rel}","templated":true}]}}