{"id":10304,"date":"2012-10-03T10:06:11","date_gmt":"2012-10-03T15:06:11","guid":{"rendered":"http:\/\/www.inkaterra.com\/\/?page_id=10304"},"modified":"2018-09-13T12:06:32","modified_gmt":"2018-09-13T17:06:32","slug":"trabaja-con-nosotros","status":"publish","type":"page","link":"https:\/\/www.inkaterra.com\/es\/trabaja-con-nosotros\/","title":{"rendered":"Trabaja con Nosotros"},"content":{"rendered":"<p>\u00danete al equipo Inkaterra y s\u00e9 parte de la organizaci\u00f3n peruana l\u00edder en turismo y conservaci\u00f3n medioambiental. Por favor, completa este cuestionario para describir tus talentos e intereses.<\/p>\n","protected":false},"excerpt":{"rendered":"<p>\u00danete al equipo Inkaterra y s\u00e9 parte de la organizaci\u00f3n peruana l\u00edder en turismo y conservaci\u00f3n medioambiental. Por favor, completa este cuestionario para describir tus talentos e intereses.<\/p>\n","protected":false},"author":8,"featured_media":0,"parent":0,"menu_order":61,"comment_status":"closed","ping_status":"closed","template":"","meta":{"_acf_changed":false,"_editorskit_title_hidden":false,"_editorskit_reading_time":0,"_editorskit_is_block_options_detached":false,"_editorskit_block_options_position":"{}","footnotes":""},"class_list":["post-10304","page","type-page","status-publish","hentry","plantillas-_tpl-pages-career-opportunities"],"acf":[],"aioseo_notices":[],"_links":{"self":[{"href":"https:\/\/www.inkaterra.com\/es\/wp-json\/wp\/v2\/pages\/10304","targetHints":{"allow":["GET"]}}],"collection":[{"href":"https:\/\/www.inkaterra.com\/es\/wp-json\/wp\/v2\/pages"}],"about":[{"href":"https:\/\/www.inkaterra.com\/es\/wp-json\/wp\/v2\/types\/page"}],"author":[{"embeddable":true,"href":"https:\/\/www.inkaterra.com\/es\/wp-json\/wp\/v2\/users\/8"}],"replies":[{"embeddable":true,"href":"https:\/\/www.inkaterra.com\/es\/wp-json\/wp\/v2\/comments?post=10304"}],"version-history":[{"count":0,"href":"https:\/\/www.inkaterra.com\/es\/wp-json\/wp\/v2\/pages\/10304\/revisions"}],"wp:attachment":[{"href":"https:\/\/www.inkaterra.com\/es\/wp-json\/wp\/v2\/media?parent=10304"}],"curies":[{"name":"wp","href":"https:\/\/api.w.org\/{rel}","templated":true}]}}